{"id":1385,"date":"2022-01-19T14:14:34","date_gmt":"2022-01-19T20:14:34","guid":{"rendered":"https:\/\/cocles.com\/?page_id=1385"},"modified":"2022-01-20T10:54:10","modified_gmt":"2022-01-20T16:54:10","slug":"como-afecta-la-covid-19-a-las-bodas-en-la-playa-costa-rica-2020","status":"publish","type":"page","link":"https:\/\/cocles.com\/es\/como-afecta-la-covid-19-a-las-bodas-en-la-playa-costa-rica-2020\/","title":{"rendered":"\u00bfC\u00f3mo afecta la COVID-19 a las Bodas en la Playa? &#8211; Costa Rica 2022"},"content":{"rendered":"<p>Para cumplir con los requisitos del Ministerio de Salud y protegernos durante la pandemia, al realizar su boda hay que tomar en cuenta ciertas medidas de seguridad y restricciones.<\/p>\n<p>Celebrar su boda en la playa es una alternativa segura comparada con la realizaci\u00f3n del evento en un lugar cerrado. Por ese motivo, muchos novios est\u00e1n cambiando sus plantes, y haciendo su boda en la playa.<\/p>\n<p>Una boda en la playa es una manera muy bonita, rom\u00e1ntica y barata de celebrar su boda.<\/p>\n<p>Recomendaciones durante la pandemia:<\/p>\n<ul>\n<li>Elegir un lugar poco transitado<\/li>\n<li>Hacer una celebraci\u00f3n \u00edntima (pocos invitados)<\/li>\n<li>Reducir la duraci\u00f3n del evento<\/li>\n<li>Mantener las distancias de seguridad<\/li>\n<li>Respete el distanciamiento social y la \u00ab<a href=\"https:\/\/www.bbc.com\/mundo\/noticias-52501432\" target=\"_blank\" rel=\"noopener noreferrer\">burbuja social<\/a>\u00ab<\/li>\n<li>Celebrar su boda al aire libre<\/li>\n<\/ul>\n<p><span style=\"color: #339966;\"><strong>Solicite m\u00e1s informaci\u00f3n para celebrar su boda en la playa en el tel\u00e9fono: 8869-9887.<\/strong><\/span><\/p>\n<h2>Micro Bodas<\/h2>\n<p>Desde el inicio de la pandemia, las micro bodas se han convertido en una buena alternativa para la realizaci\u00f3n de su boda. Estamos especializados en la realizaci\u00f3n de micro bodas en las playas del Caribe de Costa Rica.<\/p>\n<h2>\u00bfQu\u00e9 localidad del Caribe dispone de playas m\u00e1s grandes y tranquilas para realizar una micro boda?<\/h2>\n<p>Cahuita tiene algunas playas muy grandes y tranquilas para realizar una boda en la playa. La playa cuyo nombre es \u00abPlaya Grande\u00bb, como su nombre indica, es una playa muy grande que hay en la zona Noroeste de Cahuita, y que est\u00e1 muy poco transitada. Es una playa con arena de color negro, y permite que se re\u00fanan grupos de personas con tranquilidad.<\/p>\n<p>Cahuita tambi\u00e9n tiene algunas playas peque\u00f1as con poca gente, ideales para celebrar su boda.<\/p>\n<p>Muchas de las micro bodas las organizamos en Punta Uva, un lugar de los m\u00e1s solicitados por nuestros clientes para su boda.<\/p>\n<h2>\u00bfC\u00f3mo afecta la restricci\u00f3n vehicular sanitaria el d\u00eda de mi boda?<\/h2>\n<p>Si necesita transportarse en veh\u00edculo el d\u00eda de su boda, debe asegurarse de que su placa puede circular. En Enero 2021 est\u00e1 prohibido circular en determinados d\u00edas (con excepciones). En caso de querer celebrar su boda un d\u00eda en que no pueda utilizar su veh\u00edculo, le recomendamos hospedarse cerca de la playa para poder ir caminando. Hay hoteles que est\u00e1n a pocos metros de la playa para realizar su boda sin necesidad de utilizar su carro. Si est\u00e1 planeando su boda para los pr\u00f3ximos meses, puede suceder que la restricci\u00f3n vehicular ya haya terminado.<\/p>\n<h2>\u00bfCuales son las playas m\u00e1s cercanas a San Jos\u00e9?<\/h2>\n<p>Si usted y sus invitados viajan desde San Jos\u00e9, o desde una localidad del GAM, y quieren realizar su boda en una playa que est\u00e9 m\u00e1s cerca de estas localidades, <strong>le recomendamos realizar su boda en una de las playas de Cahuita<\/strong>. Desde Heredia se puede tardar un promedio de 4 horas en carro. Si viaja desde Escaz\u00fa, puede llegar a tardar 4 horas y media.<\/p>\n<p>Hay otras playas muy bonitas en la zona del Caribe para realizar su boda, pero incrementar\u00eda el viaje en unos 45 minutos adicionales. Por ejemplo, la playa de \u00abPlaya Chiquita\u00bb est\u00e1 a 30 minutos en carro de Cahuita. La famosa playa \u00abPunta Uva\u00bb est\u00e1 ubicada a 45 minutos en carro de Cahuita.<\/p>\n<p>Si usted va a pasar varios d\u00edas en la zona del Caribe para celebrar su boda, entonces la distancia entre estas playas no es tan grande.<\/p>\n<h2>\u00bfCu\u00e1ntas personas se recomienda invitar para una boda durante la pandemia?<\/h2>\n<p>La mayor\u00eda de nuestros clientes est\u00e1n invitando solamente a los familiares m\u00e1s cercanos y a amigos \u00edntimos. <strong>Algunas bodas han sido con 10 a 20 invitados. Si el n\u00famero de personas es menor de 20, permite organizar mejor el evento.<\/strong><\/p>\n<p>A\u00fan as\u00ed, no hay un l\u00edmite establecido, siempre que se cumplan las recomendaciones de salud.<\/p>\n<p>Hay que tener en cuenta que en el Parque Nacional Cahuita han puesto restricciones de acceso de 100 personas en uno de los sectores, y de 150 personas en el otro sector. Esta medida le permite entender que la recomendaci\u00f3n es de juntarse pocas personas durante la pandemia.<\/p>\n<h2>\u00bfPara cu\u00e1ndo se van a eliminar las restricciones?<\/h2>\n<p>Las playas del Caribe est\u00e1n accesibles durante la mayor parte del horario diurno. Por este motivo no hay problemas en acceder a la playa cualquier d\u00eda de la semana. Los horarios de las playas podr\u00edan variar en cualquier momento, por eso es conveniente consultar si hay alguna restricci\u00f3n para la fecha de su boda.<\/p>\n<h2>\u00bfQu\u00e9 recomendaciones de seguridad puedo tomar?<\/h2>\n<p>Cuando realiza bodas sencillas al aire libre, consigue el objetivo de mejorar la seguridad durante la pandemia.<\/p>\n<p>Para ello, debe mantener la distancia (recomendable 2 metros) entre los invitados. La burbuja social permite la cercan\u00eda entre personas que viven en la misma casa y viajan en el mismo veh\u00edculo.<\/p>\n<p>Recomendamos que disponga de un encargado de vigilar el cumplimiento de los requisitos de sanidad para disfrutar al m\u00e1ximo de su boda:<\/p>\n<ul>\n<li>Lavado de manos<\/li>\n<li>Desinfectar lo que pueda compartirse (sillas, bol\u00edgrafos, etc.)<\/li>\n<li>Distanciamiento social (2 metros entre los invitados que no pertenezcan a una burbuja social)<\/li>\n<li>Distanciamiento de otras personas que est\u00e1n en la playa y no vienen a su evento<\/li>\n<li>No se debe permitir el ingreso de personas que tenga s\u00edntomas de: fiebre, tos, dificultad para respirar o alg\u00fan otro s\u00edntoma.<\/li>\n<li>Elaborar un plan efectivo de comunicaci\u00f3n, que promueva evitar el dar la mano y besar a personas como parte de las normas de saludo.<\/li>\n<\/ul>\n<p>Si utiliza mascarillas y guantes, esto es una medida de seguridad adicional que puede ser de utilidad.<\/p>\n<p>Recomendamos que revise su lista de invitados para asegurarse de que ninguno tenga una situaci\u00f3n de riesgo con respecto al coronavirus.<\/p>\n<p>Seg\u00fan el Ministerio de Salud de Costa Rica, en su documento <a href=\"https:\/\/www.ministeriodesalud.go.cr\/sobre_ministerio\/prensa\/docs\/medidas_admin_tempo_atencion_act_concen_masiv_18032020.pdf\" target=\"_blank\" rel=\"noopener noreferrer\">Medidas Administrativas Temporales<\/a> con fecha 18 de marzo 2020, se indica que \u00abSe except\u00faan de la suspensi\u00f3n los siguientes sitios de reuni\u00f3n p\u00fablica: Eventos Familiares Privados&#8230;\u00bb<\/p>\n<p>Cuando realice su micro boda en la playa, le invitamos a seguir las mismas medidas de limpieza que en un lugar de reuni\u00f3n p\u00fablica:<\/p>\n<div class=\"page\" title=\"Page 4\">\n<div class=\"layoutArea\">\n<div class=\"column\">\n<ul>\n<li>Equipar las instalaciones y servicios sanitarios con: papel higi\u00e9nico, agua potable, jab\u00f3n anti bacterial para lavado de manos, alcohol en gel con una composici\u00f3n de al menos 60% de alcohol o etanol y toallas de papel para el secado de manos.<\/li>\n<li>Garantizar la rotulaci\u00f3n con los protocolos de tos, estornudo y lavado de manos (disponibles en la p\u00e1gina web del Ministerio de Salud).<\/li>\n<li>Las superficies que se tocan con frecuencia (pasamanos, botoneras, pomos de puertas, fichas de parqueo, bandejas de comida, apoya brazos, asientos, entre otros), deber\u00e1n ser limpiadas con soluci\u00f3n de alcohol al 70% o desinfectantes comerciales frecuentemente.<\/li>\n<li>Las superficies del ba\u00f1o y el inodoro deber\u00e1n ser limpiadas con material desechable y desinfectadas diariamente con un desinfectante dom\u00e9stico que contenga cloro a una diluci\u00f3n 1:100 (1 parte de cloro y 99 partes de agua), preparado el mismo d\u00eda que se va a utilizar (10 ml de cloro al 5% por cada litro de agua).<\/li>\n<li>La persona encargada de la limpieza deber\u00e1 protegerse con guantes mientras realice las labores de limpieza e higiene.<\/li>\n<li>Tras efectuar la limpieza se deber\u00e1 realizar higiene de manos.<\/li>\n<\/ul>\n<p>&nbsp;<\/p>\n<\/div>\n<\/div>\n<\/div>\n","protected":false},"excerpt":{"rendered":"<p>Para cumplir con los requisitos del Ministerio de Salud y protegernos durante la pandemia, al realizar su boda hay que tomar en cuenta ciertas medidas de seguridad y restricciones. Celebrar su boda en la playa es una alternativa segura comparada con la realizaci\u00f3n del evento en un lugar cerrado. Por ese motivo, muchos novios est\u00e1n cambiando sus plantes, y haciendo &#8230; <a href=\"https:\/\/cocles.com\/es\/como-afecta-la-covid-19-a-las-bodas-en-la-playa-costa-rica-2020\/\" class=\"more-link\">Read More<\/a><\/p>\n","protected":false},"author":1,"featured_media":1265,"parent":0,"menu_order":0,"comment_status":"closed","ping_status":"closed","template":"template-layout-full-width.php","meta":[],"yoast_head":"<!-- This site is optimized with the Yoast SEO plugin v18.2 - https:\/\/yoast.com\/wordpress\/plugins\/seo\/ -->\n<meta name=\"robots\" content=\"index, follow, max-snippet:-1, max-image-preview:large, max-video-preview:-1\" \/>\n<link rel=\"canonical\" href=\"https:\/\/cocles.com\/es\/como-afecta-la-covid-19-a-las-bodas-en-la-playa-costa-rica-2020\/\" \/>\n<meta property=\"og:locale\" content=\"es_ES\" \/>\n<meta property=\"og:type\" content=\"article\" \/>\n<meta property=\"og:title\" content=\"\u00bfC\u00f3mo afecta la COVID-19 a las Bodas en la Playa? - Costa Rica 2022 | Costa Rica Wedding Packages &amp; Elopement Packages | Getting Married in Costa Rica\" \/>\n<meta property=\"og:description\" content=\"Para cumplir con los requisitos del Ministerio de Salud y protegernos durante la pandemia, al realizar su boda hay que tomar en cuenta ciertas medidas de seguridad y restricciones. Celebrar su boda en la playa es una alternativa segura comparada con la realizaci\u00f3n del evento en un lugar cerrado. Por ese motivo, muchos novios est\u00e1n cambiando sus plantes, y haciendo ... Read More\" \/>\n<meta property=\"og:url\" content=\"https:\/\/cocles.com\/es\/como-afecta-la-covid-19-a-las-bodas-en-la-playa-costa-rica-2020\/\" \/>\n<meta property=\"og:site_name\" content=\"Costa Rica Wedding Packages &amp; Elopement Packages | Getting Married in Costa Rica\" \/>\n<meta property=\"article:publisher\" content=\"https:\/\/www.facebook.com\/GabrielAntaFotografo\/\" \/>\n<meta property=\"article:modified_time\" content=\"2022-01-20T16:54:10+00:00\" \/>\n<meta property=\"og:image\" content=\"https:\/\/cocles.com\/wp-content\/uploads\/2019\/10\/20191009-113249-Wedding-Costa-Rica-Puerto-Viejo-Punta-Uva-Beach-Cindy-Mathieu-GAK_6517-Fotografos-Gabriel-Anta-y-Ana-Santos.jpg\" \/>\n\t<meta property=\"og:image:width\" content=\"1080\" \/>\n\t<meta property=\"og:image:height\" content=\"720\" \/>\n\t<meta property=\"og:image:type\" content=\"image\/jpeg\" \/>\n<meta name=\"twitter:card\" content=\"summary_large_image\" \/>\n<meta name=\"twitter:label1\" content=\"Tiempo de lectura\" \/>\n\t<meta name=\"twitter:data1\" content=\"6 minutos\" \/>\n<script type=\"application\/ld+json\" class=\"yoast-schema-graph\">{\"@context\":\"https:\/\/schema.org\",\"@graph\":[{\"@type\":\"WebSite\",\"@id\":\"https:\/\/cocles.com\/#website\",\"url\":\"https:\/\/cocles.com\/\",\"name\":\"Costa Rica Wedding Packages &amp; Elopement Packages | Getting Married in Costa Rica\",\"description\":\"Getting Married in Costa Rica | Small Weddings &amp; Elopements in Puerto Viejo\",\"potentialAction\":[{\"@type\":\"SearchAction\",\"target\":{\"@type\":\"EntryPoint\",\"urlTemplate\":\"https:\/\/cocles.com\/?s={search_term_string}\"},\"query-input\":\"required name=search_term_string\"}],\"inLanguage\":\"es\"},{\"@type\":\"ImageObject\",\"@id\":\"https:\/\/cocles.com\/es\/como-afecta-la-covid-19-a-las-bodas-en-la-playa-costa-rica-2020\/#primaryimage\",\"inLanguage\":\"es\",\"url\":\"https:\/\/cocles.com\/wp-content\/uploads\/2019\/10\/20191009-113249-Wedding-Costa-Rica-Puerto-Viejo-Punta-Uva-Beach-Cindy-Mathieu-GAK_6517-Fotografos-Gabriel-Anta-y-Ana-Santos.jpg\",\"contentUrl\":\"https:\/\/cocles.com\/wp-content\/uploads\/2019\/10\/20191009-113249-Wedding-Costa-Rica-Puerto-Viejo-Punta-Uva-Beach-Cindy-Mathieu-GAK_6517-Fotografos-Gabriel-Anta-y-Ana-Santos.jpg\",\"width\":1080,\"height\":720,\"caption\":\"Organizaci\u00f3n de Bodas en la Playa en Costa Rica\"},{\"@type\":\"WebPage\",\"@id\":\"https:\/\/cocles.com\/es\/como-afecta-la-covid-19-a-las-bodas-en-la-playa-costa-rica-2020\/#webpage\",\"url\":\"https:\/\/cocles.com\/es\/como-afecta-la-covid-19-a-las-bodas-en-la-playa-costa-rica-2020\/\",\"name\":\"\u00bfC\u00f3mo afecta la COVID-19 a las Bodas en la Playa? - Costa Rica 2022 | Costa Rica Wedding Packages &amp; Elopement Packages | Getting Married in Costa Rica\",\"isPartOf\":{\"@id\":\"https:\/\/cocles.com\/#website\"},\"primaryImageOfPage\":{\"@id\":\"https:\/\/cocles.com\/es\/como-afecta-la-covid-19-a-las-bodas-en-la-playa-costa-rica-2020\/#primaryimage\"},\"datePublished\":\"2022-01-19T20:14:34+00:00\",\"dateModified\":\"2022-01-20T16:54:10+00:00\",\"breadcrumb\":{\"@id\":\"https:\/\/cocles.com\/es\/como-afecta-la-covid-19-a-las-bodas-en-la-playa-costa-rica-2020\/#breadcrumb\"},\"inLanguage\":\"es\",\"potentialAction\":[{\"@type\":\"ReadAction\",\"target\":[\"https:\/\/cocles.com\/es\/como-afecta-la-covid-19-a-las-bodas-en-la-playa-costa-rica-2020\/\"]}]},{\"@type\":\"BreadcrumbList\",\"@id\":\"https:\/\/cocles.com\/es\/como-afecta-la-covid-19-a-las-bodas-en-la-playa-costa-rica-2020\/#breadcrumb\",\"itemListElement\":[{\"@type\":\"ListItem\",\"position\":1,\"name\":\"Portada\",\"item\":\"https:\/\/cocles.com\/\"},{\"@type\":\"ListItem\",\"position\":2,\"name\":\"\u00bfC\u00f3mo afecta la COVID-19 a las Bodas en la Playa? &#8211; Costa Rica 2022\"}]}]}<\/script>\n<!-- \/ Yoast SEO plugin. -->","yoast_head_json":{"robots":{"index":"index","follow":"follow","max-snippet":"max-snippet:-1","max-image-preview":"max-image-preview:large","max-video-preview":"max-video-preview:-1"},"canonical":"https:\/\/cocles.com\/es\/como-afecta-la-covid-19-a-las-bodas-en-la-playa-costa-rica-2020\/","og_locale":"es_ES","og_type":"article","og_title":"\u00bfC\u00f3mo afecta la COVID-19 a las Bodas en la Playa? - Costa Rica 2022 | Costa Rica Wedding Packages &amp; Elopement Packages | Getting Married in Costa Rica","og_description":"Para cumplir con los requisitos del Ministerio de Salud y protegernos durante la pandemia, al realizar su boda hay que tomar en cuenta ciertas medidas de seguridad y restricciones. Celebrar su boda en la playa es una alternativa segura comparada con la realizaci\u00f3n del evento en un lugar cerrado. Por ese motivo, muchos novios est\u00e1n cambiando sus plantes, y haciendo ... Read More","og_url":"https:\/\/cocles.com\/es\/como-afecta-la-covid-19-a-las-bodas-en-la-playa-costa-rica-2020\/","og_site_name":"Costa Rica Wedding Packages &amp; Elopement Packages | Getting Married in Costa Rica","article_publisher":"https:\/\/www.facebook.com\/GabrielAntaFotografo\/","article_modified_time":"2022-01-20T16:54:10+00:00","og_image":[{"width":1080,"height":720,"url":"https:\/\/cocles.com\/wp-content\/uploads\/2019\/10\/20191009-113249-Wedding-Costa-Rica-Puerto-Viejo-Punta-Uva-Beach-Cindy-Mathieu-GAK_6517-Fotografos-Gabriel-Anta-y-Ana-Santos.jpg","type":"image\/jpeg"}],"twitter_card":"summary_large_image","twitter_misc":{"Tiempo de lectura":"6 minutos"},"schema":{"@context":"https:\/\/schema.org","@graph":[{"@type":"WebSite","@id":"https:\/\/cocles.com\/#website","url":"https:\/\/cocles.com\/","name":"Costa Rica Wedding Packages &amp; Elopement Packages | Getting Married in Costa Rica","description":"Getting Married in Costa Rica | Small Weddings &amp; Elopements in Puerto Viejo","potentialAction":[{"@type":"SearchAction","target":{"@type":"EntryPoint","urlTemplate":"https:\/\/cocles.com\/?s={search_term_string}"},"query-input":"required name=search_term_string"}],"inLanguage":"es"},{"@type":"ImageObject","@id":"https:\/\/cocles.com\/es\/como-afecta-la-covid-19-a-las-bodas-en-la-playa-costa-rica-2020\/#primaryimage","inLanguage":"es","url":"https:\/\/cocles.com\/wp-content\/uploads\/2019\/10\/20191009-113249-Wedding-Costa-Rica-Puerto-Viejo-Punta-Uva-Beach-Cindy-Mathieu-GAK_6517-Fotografos-Gabriel-Anta-y-Ana-Santos.jpg","contentUrl":"https:\/\/cocles.com\/wp-content\/uploads\/2019\/10\/20191009-113249-Wedding-Costa-Rica-Puerto-Viejo-Punta-Uva-Beach-Cindy-Mathieu-GAK_6517-Fotografos-Gabriel-Anta-y-Ana-Santos.jpg","width":1080,"height":720,"caption":"Organizaci\u00f3n de Bodas en la Playa en Costa Rica"},{"@type":"WebPage","@id":"https:\/\/cocles.com\/es\/como-afecta-la-covid-19-a-las-bodas-en-la-playa-costa-rica-2020\/#webpage","url":"https:\/\/cocles.com\/es\/como-afecta-la-covid-19-a-las-bodas-en-la-playa-costa-rica-2020\/","name":"\u00bfC\u00f3mo afecta la COVID-19 a las Bodas en la Playa? - Costa Rica 2022 | Costa Rica Wedding Packages &amp; Elopement Packages | Getting Married in Costa Rica","isPartOf":{"@id":"https:\/\/cocles.com\/#website"},"primaryImageOfPage":{"@id":"https:\/\/cocles.com\/es\/como-afecta-la-covid-19-a-las-bodas-en-la-playa-costa-rica-2020\/#primaryimage"},"datePublished":"2022-01-19T20:14:34+00:00","dateModified":"2022-01-20T16:54:10+00:00","breadcrumb":{"@id":"https:\/\/cocles.com\/es\/como-afecta-la-covid-19-a-las-bodas-en-la-playa-costa-rica-2020\/#breadcrumb"},"inLanguage":"es","potentialAction":[{"@type":"ReadAction","target":["https:\/\/cocles.com\/es\/como-afecta-la-covid-19-a-las-bodas-en-la-playa-costa-rica-2020\/"]}]},{"@type":"BreadcrumbList","@id":"https:\/\/cocles.com\/es\/como-afecta-la-covid-19-a-las-bodas-en-la-playa-costa-rica-2020\/#breadcrumb","itemListElement":[{"@type":"ListItem","position":1,"name":"Portada","item":"https:\/\/cocles.com\/"},{"@type":"ListItem","position":2,"name":"\u00bfC\u00f3mo afecta la COVID-19 a las Bodas en la Playa? &#8211; Costa Rica 2022"}]}]}},"_links":{"self":[{"href":"https:\/\/cocles.com\/es\/wp-json\/wp\/v2\/pages\/1385\/"}],"collection":[{"href":"https:\/\/cocles.com\/es\/wp-json\/wp\/v2\/pages\/"}],"about":[{"href":"https:\/\/cocles.com\/es\/wp-json\/wp\/v2\/types\/page\/"}],"author":[{"embeddable":true,"href":"https:\/\/cocles.com\/es\/wp-json\/wp\/v2\/users\/1\/"}],"replies":[{"embeddable":true,"href":"https:\/\/cocles.com\/es\/wp-json\/wp\/v2\/comments\/?post=1385"}],"version-history":[{"count":0,"href":"https:\/\/cocles.com\/es\/wp-json\/wp\/v2\/pages\/1385\/revisions\/"}],"wp:featuredmedia":[{"embeddable":true,"href":"https:\/\/cocles.com\/es\/wp-json\/wp\/v2\/media\/1265\/"}],"wp:attachment":[{"href":"https:\/\/cocles.com\/es\/wp-json\/wp\/v2\/media\/?parent=1385"}],"curies":[{"name":"wp","href":"https:\/\/api.w.org\/{rel}","templated":true}]}}