{"id":715,"date":"2021-11-21T12:37:48","date_gmt":"2021-11-21T18:37:48","guid":{"rendered":"https:\/\/cocles.com\/ceremonia\/"},"modified":"2026-01-28T14:16:14","modified_gmt":"2026-01-28T20:16:14","slug":"ceremonia","status":"publish","type":"page","link":"https:\/\/cocles.com\/es\/ceremonia\/","title":{"rendered":"Ceremonia"},"content":{"rendered":"<div id=\"cs-content\" class=\"cs-content\">[cs_element_section _id=\u00bb1&#8243;][cs_element_row _id=\u00bb2&#8243;][cs_element_column _id=\u00bb3&#8243;][cs_element_text _id=\u00bb4&#8243;][cs_element_gap _id=\u00bb5&#8243;]<img  class=\"x-img x-img-none\"  src=\"https:\/\/cocles.com\/wp-content\/uploads\/2023\/06\/Bodas-en-la-Playa-Costa-Rica-Puerto-Viejo-Caribe-7000.jpg\" >[cs_element_gap _id=\u00bb7&#8243;][cs_element_text _id=\u00bb8&#8243;][cs_element_gap _id=\u00bb9&#8243;][cs_element_text _id=\u00bb10&#8243;][cs_element_gap _id=\u00bb11&#8243;][cs_element_image _id=\u00bb12&#8243;][cs_element_gap _id=\u00bb13&#8243;][cs_element_text _id=\u00bb14&#8243;]<div  class=\"x-pricing-table cf three-columns\" >[\/cs_element_column][\/cs_element_row][\/cs_element_section][cs_element_section _id=\u00bb21&#8243;][cs_element_row _id=\u00bb22&#8243;][cs_element_column _id=\u00bb23&#8243;][cs_element_text _id=\u00bb24&#8243;][\/cs_element_column][cs_element_column _id=\u00bb25&#8243;][cs_element_gap _id=\u00bb26&#8243;][cs_element_image _id=\u00bb27&#8243;][\/cs_element_column][\/cs_element_row][\/cs_element_section][cs_element_section _id=\u00bb32&#8243;][cs_element_row _id=\u00bb33&#8243;][cs_element_column _id=\u00bb34&#8243;][cs_element_text _id=\u00bb35&#8243;][cs_element_gap _id=\u00bb36&#8243;]<div  class=\"x-pricing-table cf three-columns\" ><\/div><div  class=\"x-pricing-column\" ><h2 class=\"man\">DELUXE<\/h2><div class=\"x-pricing-column-info\"><h3 class=\"x-price\"><\/h3><span class=\"x-interval\"><\/span>\n<ul  class=\"x-ul-icons\"    ><li  class=\"x-li-icon\"    ><i class=\"x-icon-check\"  data-x-icon=\"&#xf00c;\"  aria-hidden=\"true\"    ><\/i>Ubicaci\u00f3n Exclusiva en la Playa<\/li><li  class=\"x-li-icon\"    ><i class=\"x-icon-check\"  data-x-icon=\"&#xf00c;\"  aria-hidden=\"true\"    ><\/i>Organizaci\u00f3n de la Ceremonia<\/li><li  class=\"x-li-icon\"    ><i class=\"x-icon-check\"  data-x-icon=\"&#xf00c;\"  aria-hidden=\"true\"    ><\/i>ABOGADO<br \/>(matrimonio civil)<\/li><li  class=\"x-li-icon\"    ><i class=\"x-icon-check\"  data-x-icon=\"&#xf00c;\"  aria-hidden=\"true\"    ><\/i>Arco de 4 columnas con sombra<\/li><li  class=\"x-li-icon\"    ><i class=\"x-icon-check\"  data-x-icon=\"&#xf00c;\"  aria-hidden=\"true\"    ><\/i>Decoraci\u00f3n del Arco<\/li><li  class=\"x-li-icon\"    ><i class=\"x-icon-check\"  data-x-icon=\"&#xf00c;\"  aria-hidden=\"true\"    ><\/i>45 Fotograf\u00edas de la ceremonia<\/li><li  class=\"x-li-icon\"    ><i class=\"x-icon-check\"  data-x-icon=\"&#xf00c;\"  aria-hidden=\"true\"    ><\/i>45 Fotograf\u00edas de pareja<\/li><li  class=\"x-li-icon\"    ><i class=\"x-icon-check\"  data-x-icon=\"&#xf00c;\"  aria-hidden=\"true\"    ><\/i>Fotograf\u00eda a\u00e9rea (dron)<\/li><li  class=\"x-li-icon\"    ><i class=\"x-icon-check\"  data-x-icon=\"&#xf00c;\"  aria-hidden=\"true\"    ><\/i>Galer\u00eda en l\u00ednea durante 60 d\u00edas<\/li><li  class=\"x-li-icon\"    ><i class=\"x-icon-check\"  data-x-icon=\"&#xf00c;\"  aria-hidden=\"true\"    ><\/i>M\u00daSICA<\/li><\/ul>\n<div id=\"attachment_707\" style=\"width: 310px\" class=\"wp-caption alignnone\"><img aria-describedby=\"caption-attachment-707\" loading=\"lazy\" src=\"https:\/\/cocles.com\/wp-content\/uploads\/2022\/08\/Costa-Rica-Destination-Wedding-Packages-Beach.jpg\" alt=\"Arco de 4 columnas\" class=\"size-medium wp-image-707\" width=\"300\" height=\"200\" \/><p id=\"caption-attachment-707\" class=\"wp-caption-text\">Arco de 4 columnas<\/p><\/div><a  class=\"x-btn x-btn-large\"  href=\"https:\/\/cocles.com\/es\/contactar\/\"     data-options=\"thumbnail: ''\">Contactar<\/a><\/div><\/div><div  class=\"x-pricing-column featured\" ><h2 class=\"man\">TROPICAL <span class=\"x-featured-sub\">PAQUETE M\u00c1S SOLICITADO<\/span><\/h2><div class=\"x-pricing-column-info\"><h3 class=\"x-price\"><\/h3><span class=\"x-interval\"><\/span>\n<ul  class=\"x-ul-icons\"    ><li  class=\"x-li-icon\"    ><i class=\"x-icon-check\"  data-x-icon=\"&#xf00c;\"  aria-hidden=\"true\"    ><\/i>Ubicaci\u00f3n Exclusiva en la Playa<\/li><li  class=\"x-li-icon\"    ><i class=\"x-icon-check\"  data-x-icon=\"&#xf00c;\"  aria-hidden=\"true\"    ><\/i>Organizaci\u00f3n de la Ceremonia<\/li><li  class=\"x-li-icon\"    ><i class=\"x-icon-check\"  data-x-icon=\"&#xf00c;\"  aria-hidden=\"true\"    ><\/i>ABOGADO<br \/>(matrimonio civil)<\/li><li  class=\"x-li-icon\"    ><i class=\"x-icon-check\"  data-x-icon=\"&#xf00c;\"  aria-hidden=\"true\"    ><\/i>Arco de 2 columnas<\/li><li  class=\"x-li-icon\"    ><i class=\"x-icon-check\"  data-x-icon=\"&#xf00c;\"  aria-hidden=\"true\"    ><\/i>Decoraci\u00f3n del Arco<\/li><li  class=\"x-li-icon\"    ><i class=\"x-icon-check\"  data-x-icon=\"&#xf00c;\"  aria-hidden=\"true\"    ><\/i>30 Fotograf\u00edas de la ceremonia<\/li><li  class=\"x-li-icon\"    ><i class=\"x-icon-check\"  data-x-icon=\"&#xf00c;\"  aria-hidden=\"true\"    ><\/i>30 Fotograf\u00edas de pareja<\/li><li  class=\"x-li-icon\"    ><i class=\"x-icon-check\"  data-x-icon=\"&#xf00c;\"  aria-hidden=\"true\"    ><\/i>Galer\u00eda en l\u00ednea durante 60 d\u00edas<\/li><li  class=\"x-li-icon\"    ><i class=\"x-icon-check\"  data-x-icon=\"&#xf00c;\"  aria-hidden=\"true\"    ><\/i>M\u00daSICA<\/li><\/ul>\n<div id=\"attachment_707\" style=\"width: 310px\" class=\"wp-caption alignnone\"><img aria-describedby=\"caption-attachment-707\" loading=\"lazy\" src=\"https:\/\/cocles.com\/wp-content\/uploads\/2023\/06\/Bodas-en-la-Playa-Costa-Rica-Puerto-Viejo-Caribe-6223.jpg\" alt=\"Arco de 2 columnas\" class=\"size-medium wp-image-707\" width=\"300\" height=\"200\" \/><p id=\"caption-attachment-707\" class=\"wp-caption-text\">Arco de 2 columnas<\/p><\/div><a  class=\"x-btn x-btn-large\"  href=\"https:\/\/cocles.com\/es\/contactar\/\"     data-options=\"thumbnail: ''\">Contactar<\/a><\/div><\/div><div  class=\"x-pricing-column\" ><h2 class=\"man\">ESSENTIAL<\/h2><div class=\"x-pricing-column-info\"><h3 class=\"x-price\"><\/h3><span class=\"x-interval\"><\/span>\n<ul  class=\"x-ul-icons\"    ><li  class=\"x-li-icon\"    ><i class=\"x-icon-check\"  data-x-icon=\"&#xf00c;\"  aria-hidden=\"true\"    ><\/i>Ubicaci\u00f3n Exclusiva en la Playa<\/li><li  class=\"x-li-icon\"    ><i class=\"x-icon-check\"  data-x-icon=\"&#xf00c;\"  aria-hidden=\"true\"    ><\/i>Organizaci\u00f3n de la Ceremonia<\/li><li  class=\"x-li-icon\"    ><i class=\"x-icon-check\"  data-x-icon=\"&#xf00c;\"  aria-hidden=\"true\"    ><\/i>ABOGADO<br \/>(matrimonio civil)<\/li><li  class=\"x-li-icon\"    ><i class=\"x-icon-check\"  data-x-icon=\"&#xf00c;\"  aria-hidden=\"true\"    ><\/i>ATRIL DECORADO<\/li><li  class=\"x-li-icon\"    ><i class=\"x-icon-check\"  data-x-icon=\"&#xf00c;\"  aria-hidden=\"true\"    ><\/i>30 Fotograf\u00edas de la ceremonia<\/li><li  class=\"x-li-icon\"    ><i class=\"x-icon-check\"  data-x-icon=\"&#xf00c;\"  aria-hidden=\"true\"    ><\/i>Galer\u00eda en l\u00ednea durante 60 d\u00edas<\/li><li  class=\"x-li-icon\"    ><i class=\"x-icon-check\"  data-x-icon=\"&#xf00c;\"  aria-hidden=\"true\"    ><\/i>M\u00daSICA<\/li><\/ul>\n<div id=\"attachment_468\" style=\"width: 310px\" class=\"wp-caption alignnone\"><img aria-describedby=\"caption-attachment-468\" loading=\"lazy\" src=\"https:\/\/cocles.com\/wp-content\/uploads\/2022\/01\/20220126-083506-Wedding-Costa-Rica-Sven-Julie-GAK_9030.jpg\" alt=\"Boda en una Playa del Caribe\" class=\"size-medium wp-image-468\" width=\"300\" height=\"225\" \/><p id=\"caption-attachment-468\" class=\"wp-caption-text\">Boda en una Playa del Caribe<\/p><\/div><a  class=\"x-btn x-btn-large\"  href=\"https:\/\/cocles.com\/es\/contactar\/\"     data-options=\"thumbnail: ''\">Contactar<\/a><\/div><\/div><\/div>[cs_element_gap _id=\u00bb41&#8243;][cs_element_text _id=\u00bb42&#8243;][cs_element_gap _id=\u00bb43&#8243;][cs_element_text _id=\u00bb44&#8243;][cs_element_gap _id=\u00bb45&#8243;][cs_element_text _id=\u00bb46&#8243;][cs_element_gap _id=\u00bb47&#8243;][cs_element_image _id=\u00bb48&#8243;][\/cs_element_column][\/cs_element_row][\/cs_element_section][cs_element_section _id=\u00bb54&#8243;][cs_element_row _id=\u00bb55&#8243;][cs_element_column _id=\u00bb56&#8243;][cs_element_text _id=\u00bb57&#8243;][cs_element_gap _id=\u00bb58&#8243;][cs_element_text _id=\u00bb59&#8243;][cs_element_gap _id=\u00bb60&#8243;][cs_element_text _id=\u00bb61&#8243;][cs_element_gap _id=\u00bb62&#8243;]<div  class=\"x-pricing-table cf three-columns\" ><\/div>[\/cs_element_column][\/cs_element_row][\/cs_element_section][cs_element_section _id=\u00bb69&#8243;][cs_element_row _id=\u00bb70&#8243;][cs_element_column _id=\u00bb71&#8243;][cs_element_button _id=\u00bb72&#8243;][\/cs_element_column][\/cs_element_row][\/cs_element_section][cs_element_section _id=\u00bb78&#8243;][cs_element_row _id=\u00bb79&#8243;][cs_element_column _id=\u00bb80&#8243;][cs_element_text _id=\u00bb81&#8243;][cs_element_gap _id=\u00bb82&#8243;][cs_element_text _id=\u00bb83&#8243;]<div  class=\"x-pricing-table cf three-columns\" ><\/div>[cs_element_text _id=\u00bb85&#8243;][\/cs_element_column][\/cs_element_row][\/cs_element_section][cs_element_section _id=\u00bb91&#8243;][cs_element_row _id=\u00bb92&#8243;][cs_element_column _id=\u00bb93&#8243;][cs_element_text _id=\u00bb94&#8243;][cs_element_gap _id=\u00bb95&#8243;][cs_element_image _id=\u00bb96&#8243;][cs_element_gap _id=\u00bb97&#8243;][cs_element_text _id=\u00bb98&#8243;][cs_element_gap _id=\u00bb99&#8243;][\/cs_element_column][cs_element_column _id=\u00bb100&#8243;][cs_element_gap _id=\u00bb101&#8243;][cs_element_image _id=\u00bb102&#8243;][cs_element_text _id=\u00bb103&#8243;][cs_element_gap _id=\u00bb104&#8243;][\/cs_element_column][cs_element_column _id=\u00bb105&#8243;][cs_element_text _id=\u00bb106&#8243;][cs_element_gap _id=\u00bb107&#8243;][cs_element_image _id=\u00bb108&#8243;][cs_element_gap _id=\u00bb109&#8243;][cs_element_text _id=\u00bb110&#8243;][cs_element_gap _id=\u00bb111&#8243;][cs_element_image _id=\u00bb112&#8243;][cs_element_gap _id=\u00bb113&#8243;][\/cs_element_column][\/cs_element_row][\/cs_element_section][cs_element_section _id=\u00bb117&#8243;][cs_element_row _id=\u00bb118&#8243;][cs_element_column _id=\u00bb119&#8243;][cs_element_button _id=\u00bb120&#8243;][cs_element_gap _id=\u00bb121&#8243;][cs_element_gap _id=\u00bb122&#8243;][cs_element_image _id=\u00bb123&#8243;][\/cs_element_column][\/cs_element_row][\/cs_element_section]<\/div>\n","protected":false},"excerpt":{"rendered":"","protected":false},"author":1,"featured_media":0,"parent":0,"menu_order":0,"comment_status":"closed","ping_status":"closed","template":"template-blank-1.php","meta":[],"yoast_head":"<!-- This site is optimized with the Yoast SEO plugin v18.2 - https:\/\/yoast.com\/wordpress\/plugins\/seo\/ -->\n<meta name=\"description\" content=\"Est\u00e1 planeando la Boda de sus Sue\u00f1os? Perm\u00edtanos planificar el d\u00eda perfecto y rom\u00e1ntico en una de las m\u00e1s hermosas playas de Costa Rica! Bodas realies y simb\u00f3licas en Costa Rica\" \/>\n<meta name=\"robots\" content=\"index, follow, max-snippet:-1, max-image-preview:large, max-video-preview:-1\" \/>\n<link rel=\"canonical\" href=\"https:\/\/cocles.com\/es\/ceremonia\/\" \/>\n<meta property=\"og:locale\" content=\"es_ES\" \/>\n<meta property=\"og:type\" content=\"article\" \/>\n<meta property=\"og:title\" content=\"Bodas en Costa Rica - Paquetes de Bodas en la Playa\" \/>\n<meta property=\"og:description\" content=\"Est\u00e1 planeando la Boda de sus Sue\u00f1os? Perm\u00edtanos planificar el d\u00eda perfecto y rom\u00e1ntico en una de las m\u00e1s hermosas playas de Costa Rica! Bodas realies y simb\u00f3licas en Costa Rica\" \/>\n<meta property=\"og:url\" content=\"https:\/\/cocles.com\/es\/ceremonia\/\" \/>\n<meta property=\"og:site_name\" content=\"Costa Rica Wedding Packages &amp; Elopement Packages | Getting Married in Costa Rica\" \/>\n<meta property=\"article:publisher\" content=\"https:\/\/www.facebook.com\/GabrielAntaFotografo\/\" \/>\n<meta property=\"article:modified_time\" content=\"2026-01-28T20:16:14+00:00\" \/>\n<meta property=\"og:image\" content=\"https:\/\/cocles.com\/wp-content\/uploads\/2022\/08\/Costa-Rica-Destination-Wedding-Packages-Beach.jpg\" \/>\n<meta name=\"twitter:card\" content=\"summary_large_image\" \/>\n<meta name=\"twitter:label1\" content=\"Tiempo de lectura\" \/>\n\t<meta name=\"twitter:data1\" content=\"5 minutos\" \/>\n<script type=\"application\/ld+json\" class=\"yoast-schema-graph\">{\"@context\":\"https:\/\/schema.org\",\"@graph\":[{\"@type\":\"WebSite\",\"@id\":\"https:\/\/cocles.com\/#website\",\"url\":\"https:\/\/cocles.com\/\",\"name\":\"Costa Rica Wedding Packages &amp; Elopement Packages | Getting Married in Costa Rica\",\"description\":\"Getting Married in Costa Rica | Small Weddings &amp; Elopements in Puerto Viejo\",\"potentialAction\":[{\"@type\":\"SearchAction\",\"target\":{\"@type\":\"EntryPoint\",\"urlTemplate\":\"https:\/\/cocles.com\/?s={search_term_string}\"},\"query-input\":\"required name=search_term_string\"}],\"inLanguage\":\"es\"},{\"@type\":\"ImageObject\",\"@id\":\"https:\/\/cocles.com\/es\/ceremonia\/#primaryimage\",\"inLanguage\":\"es\",\"url\":\"https:\/\/cocles.com\/wp-content\/uploads\/2022\/08\/Costa-Rica-Destination-Wedding-Packages-Beach.jpg\",\"contentUrl\":\"https:\/\/cocles.com\/wp-content\/uploads\/2022\/08\/Costa-Rica-Destination-Wedding-Packages-Beach.jpg\",\"width\":1920,\"height\":1280,\"caption\":\"Costa Rica Destination Weddings on the Beach\"},{\"@type\":\"WebPage\",\"@id\":\"https:\/\/cocles.com\/es\/ceremonia\/#webpage\",\"url\":\"https:\/\/cocles.com\/es\/ceremonia\/\",\"name\":\"Bodas en Costa Rica - Paquetes de Bodas en la Playa\",\"isPartOf\":{\"@id\":\"https:\/\/cocles.com\/#website\"},\"primaryImageOfPage\":{\"@id\":\"https:\/\/cocles.com\/es\/ceremonia\/#primaryimage\"},\"datePublished\":\"2021-11-21T18:37:48+00:00\",\"dateModified\":\"2026-01-28T20:16:14+00:00\",\"description\":\"Est\u00e1 planeando la Boda de sus Sue\u00f1os? Perm\u00edtanos planificar el d\u00eda perfecto y rom\u00e1ntico en una de las m\u00e1s hermosas playas de Costa Rica! Bodas realies y simb\u00f3licas en Costa Rica\",\"breadcrumb\":{\"@id\":\"https:\/\/cocles.com\/es\/ceremonia\/#breadcrumb\"},\"inLanguage\":\"es\",\"potentialAction\":[{\"@type\":\"ReadAction\",\"target\":[\"https:\/\/cocles.com\/es\/ceremonia\/\"]}]},{\"@type\":\"BreadcrumbList\",\"@id\":\"https:\/\/cocles.com\/es\/ceremonia\/#breadcrumb\",\"itemListElement\":[{\"@type\":\"ListItem\",\"position\":1,\"name\":\"Portada\",\"item\":\"https:\/\/cocles.com\/\"},{\"@type\":\"ListItem\",\"position\":2,\"name\":\"Ceremonia\"}]}]}<\/script>\n<!-- \/ Yoast SEO plugin. -->","yoast_head_json":{"description":"Est\u00e1 planeando la Boda de sus Sue\u00f1os? Perm\u00edtanos planificar el d\u00eda perfecto y rom\u00e1ntico en una de las m\u00e1s hermosas playas de Costa Rica! Bodas realies y simb\u00f3licas en Costa Rica","robots":{"index":"index","follow":"follow","max-snippet":"max-snippet:-1","max-image-preview":"max-image-preview:large","max-video-preview":"max-video-preview:-1"},"canonical":"https:\/\/cocles.com\/es\/ceremonia\/","og_locale":"es_ES","og_type":"article","og_title":"Bodas en Costa Rica - Paquetes de Bodas en la Playa","og_description":"Est\u00e1 planeando la Boda de sus Sue\u00f1os? Perm\u00edtanos planificar el d\u00eda perfecto y rom\u00e1ntico en una de las m\u00e1s hermosas playas de Costa Rica! Bodas realies y simb\u00f3licas en Costa Rica","og_url":"https:\/\/cocles.com\/es\/ceremonia\/","og_site_name":"Costa Rica Wedding Packages &amp; Elopement Packages | Getting Married in Costa Rica","article_publisher":"https:\/\/www.facebook.com\/GabrielAntaFotografo\/","article_modified_time":"2026-01-28T20:16:14+00:00","og_image":[{"url":"https:\/\/cocles.com\/wp-content\/uploads\/2022\/08\/Costa-Rica-Destination-Wedding-Packages-Beach.jpg"}],"twitter_card":"summary_large_image","twitter_misc":{"Tiempo de lectura":"5 minutos"},"schema":{"@context":"https:\/\/schema.org","@graph":[{"@type":"WebSite","@id":"https:\/\/cocles.com\/#website","url":"https:\/\/cocles.com\/","name":"Costa Rica Wedding Packages &amp; Elopement Packages | Getting Married in Costa Rica","description":"Getting Married in Costa Rica | Small Weddings &amp; Elopements in Puerto Viejo","potentialAction":[{"@type":"SearchAction","target":{"@type":"EntryPoint","urlTemplate":"https:\/\/cocles.com\/?s={search_term_string}"},"query-input":"required name=search_term_string"}],"inLanguage":"es"},{"@type":"ImageObject","@id":"https:\/\/cocles.com\/es\/ceremonia\/#primaryimage","inLanguage":"es","url":"https:\/\/cocles.com\/wp-content\/uploads\/2022\/08\/Costa-Rica-Destination-Wedding-Packages-Beach.jpg","contentUrl":"https:\/\/cocles.com\/wp-content\/uploads\/2022\/08\/Costa-Rica-Destination-Wedding-Packages-Beach.jpg","width":1920,"height":1280,"caption":"Costa Rica Destination Weddings on the Beach"},{"@type":"WebPage","@id":"https:\/\/cocles.com\/es\/ceremonia\/#webpage","url":"https:\/\/cocles.com\/es\/ceremonia\/","name":"Bodas en Costa Rica - Paquetes de Bodas en la Playa","isPartOf":{"@id":"https:\/\/cocles.com\/#website"},"primaryImageOfPage":{"@id":"https:\/\/cocles.com\/es\/ceremonia\/#primaryimage"},"datePublished":"2021-11-21T18:37:48+00:00","dateModified":"2026-01-28T20:16:14+00:00","description":"Est\u00e1 planeando la Boda de sus Sue\u00f1os? Perm\u00edtanos planificar el d\u00eda perfecto y rom\u00e1ntico en una de las m\u00e1s hermosas playas de Costa Rica! Bodas realies y simb\u00f3licas en Costa Rica","breadcrumb":{"@id":"https:\/\/cocles.com\/es\/ceremonia\/#breadcrumb"},"inLanguage":"es","potentialAction":[{"@type":"ReadAction","target":["https:\/\/cocles.com\/es\/ceremonia\/"]}]},{"@type":"BreadcrumbList","@id":"https:\/\/cocles.com\/es\/ceremonia\/#breadcrumb","itemListElement":[{"@type":"ListItem","position":1,"name":"Portada","item":"https:\/\/cocles.com\/"},{"@type":"ListItem","position":2,"name":"Ceremonia"}]}]}},"_links":{"self":[{"href":"https:\/\/cocles.com\/es\/wp-json\/wp\/v2\/pages\/715\/"}],"collection":[{"href":"https:\/\/cocles.com\/es\/wp-json\/wp\/v2\/pages\/"}],"about":[{"href":"https:\/\/cocles.com\/es\/wp-json\/wp\/v2\/types\/page\/"}],"author":[{"embeddable":true,"href":"https:\/\/cocles.com\/es\/wp-json\/wp\/v2\/users\/1\/"}],"replies":[{"embeddable":true,"href":"https:\/\/cocles.com\/es\/wp-json\/wp\/v2\/comments\/?post=715"}],"version-history":[{"count":1,"href":"https:\/\/cocles.com\/es\/wp-json\/wp\/v2\/pages\/715\/revisions\/"}],"predecessor-version":[{"id":1883,"href":"https:\/\/cocles.com\/es\/wp-json\/wp\/v2\/pages\/715\/revisions\/1883\/"}],"wp:attachment":[{"href":"https:\/\/cocles.com\/es\/wp-json\/wp\/v2\/media\/?parent=715"}],"curies":[{"name":"wp","href":"https:\/\/api.w.org\/{rel}","templated":true}]}}