{"id":726,"date":"2021-10-21T08:52:21","date_gmt":"2021-10-21T14:52:21","guid":{"rendered":"https:\/\/cocles.com\/inicio\/"},"modified":"2023-06-08T09:13:34","modified_gmt":"2023-06-08T15:13:34","slug":"inicio","status":"publish","type":"page","link":"https:\/\/cocles.com\/es\/","title":{"rendered":"Inicio"},"content":{"rendered":"<div id=\"cs-content\" class=\"cs-content\"><div id=\"x-section-1\"  class=\"x-section cs-ta-center\"  style=\"margin: 0px;padding: 45px 0px 0px; background-color: rgb(213, 204, 222);\"   ><div  class=\"x-container max width\"  style=\"margin: 0px auto 35px;padding: 0px;\"   ><div  class=\"x-column x-sm x-1-1\" style=\"padding: 0px;\" ><h2  class=\"h-custom-headline resp-h man h2\" style=\"color: hsl(0, 0%, 100%);\"><span>Organizamos su Boda en la playa en Costa Rica<\/span><\/h2><hr  class=\"x-gap\" style=\"margin: 30px 0 0 0;\"><a  class=\"x-btn x-btn-large\"  href=\"contactar\" title=\"Title\"    data-options=\"thumbnail: ''\">Contactar<\/a>[cs_element_gap _id=\u00bb7&#8243;]<img  class=\"x-img x-img-none\"  src=\"https:\/\/cocles.com\/wp-content\/uploads\/2022\/08\/Costa-Rica-Destination-Wedding-Packages-Beach.jpg\" ><\/div><\/div><\/div><div id=\"x-section-2\"  class=\"x-section\"  style=\"margin: 0px;padding: 65px 0px; background-color: rgb(248, 248, 248);\"   ><div  class=\"x-container cs-ta-center max width\"  style=\"margin: 0px auto 35px;padding: 0px;\"   ><div  class=\"x-column x-sm x-1-1\" style=\"padding: 0px;\" ><h2  class=\"h-custom-headline man h3\" ><span>\u00bfBusca un organizador y fot\u00f3grafo de Bodas en Puerto Viejo?<\/span><\/h2>[cs_element_gap _id=\u00bb18&#8243;][cs_element_text _id=\u00bb19&#8243;]<\/div><\/div><div  class=\"x-container max width\"  style=\"margin: 0px auto;padding: 0px;\"   ><div  class=\"x-column x-sm x-1-3\" style=\"padding: 0px;\" >[cs_element_image _id=\u00bb27&#8243;][cs_element_text _id=\u00bb28&#8243;]<hr  class=\"x-gap cs-hide-xl cs-hide-lg cs-hide-md\" style=\"margin: 35px 0 0 0;\"><\/div><div  class=\"x-column x-sm x-1-3\" style=\"padding: 0px;\" >[cs_element_video _id=\u00bb31&#8243;][cs_element_text _id=\u00bb32&#8243;]<hr  class=\"x-gap cs-hide-xl cs-hide-lg cs-hide-md\" style=\"margin: 35px 0 0 0;\"><\/div><div  class=\"x-column x-sm x-1-3\" style=\"padding: 0px;\" >[cs_element_video _id=\u00bb35&#8243;][cs_element_text _id=\u00bb36&#8243;]<hr  class=\"x-gap cs-hide-xl cs-hide-lg cs-hide-md\" style=\"margin: 35px 0 0 0;\"><\/div><\/div><div  class=\"x-container max width\"  style=\"margin: 0px auto;padding: 0px;\"   ><div  class=\"x-column x-sm cs-ta-center x-1-1\" style=\"padding: 0px;\" >[cs_element_gap _id=\u00bb43&#8243;]<hr  class=\"x-gap cs-hide-md cs-hide-sm cs-hide-xs\" style=\"margin: 15px 0 0 0;\"><h2  class=\"h-custom-headline man h3\" ><span>Agradecimiento de Clientes<\/span><\/h2><hr  class=\"x-gap\" style=\"margin: 15px 0 0 0;\"><div  class=\"x-video embed\" ><div class=\"x-video-inner\"><iframe loading=\"lazy\" width=\"640\" height=\"480\" src=\"https:\/\/www.youtube.com\/embed\/u6LEgkBynT4?rel=0&amp;controls=0&amp;showinfo=0\" frameborder=\"0\" gesture=\"media\" allow=\"encrypted-media\" allowfullscreen><\/iframe><\/div><\/div><hr  class=\"x-gap\" style=\"margin: 15px 0 0 0;\"><h2  class=\"h-custom-headline man h3\" ><span>Opiniones de Clientes<\/span><\/h2><hr  class=\"x-gap\" style=\"margin: 15px 0 0 0;\">[cs_element_image _id=\u00bb51&#8243;]<hr  class=\"x-gap\" style=\"margin: 20px 0 0 0;\">[cs_element_image _id=\u00bb53&#8243;]<\/div><\/div><\/div><div id=\"x-section-3\"  class=\"x-section cs-ta-center\"  style=\"margin: 0px;padding: 65px 0px 0; background-color: hsl(270, 35%, 75%);\"   ><div  class=\"x-container max width\"  style=\"margin: 0px auto 35px;padding: 0px;\"   ><div  class=\"x-column x-sm x-1-1\" style=\"padding: 0px;\" ><h2  class=\"h-custom-headline man h3 accent\" style=\"color: hsl(0, 0%, 100%);\"><span>SOBRE NOSOTROS<\/span><\/h2><hr  class=\"x-gap\" style=\"margin: 15px 0 0 0;\">[cs_element_image _id=\u00bb64&#8243;]<hr  class=\"x-gap\" style=\"margin: 15px 0 0 0;\">[cs_element_text _id=\u00bb66&#8243;][cs_element_gap _id=\u00bb67&#8243;][cs_element_image _id=\u00bb68&#8243;][cs_element_gap _id=\u00bb69&#8243;][cs_element_text _id=\u00bb70&#8243;][cs_element_gap _id=\u00bb71&#8243;]<\/div><\/div><\/div><div id=\"x-section-4\"  class=\"x-section cs-ta-center\"  style=\"margin: 0px;padding: 65px 0px; background-color: rgb(248, 248, 248);\"   ><div  class=\"x-container max width\"  style=\"margin: 0px auto;padding: 0px;\"   ><div  class=\"x-column x-sm x-1-1\" style=\"padding: 0px;\" >[cs_element_text _id=\u00bb80&#8243;][cs_element_gap _id=\u00bb81&#8243;][cs_element_social _id=\u00bb82&#8243;]<\/div><\/div><\/div><div id=\"x-section-5\"  class=\"x-section cs-ta-center bg-image\"  style=\"margin: 0px;padding: 15% 0px; background-image: url(https:\/\/cocles.com\/wp-content\/uploads\/2022\/08\/Weddings-Costa-Rica-Puerto-Viejo-Beach.jpg); background-color: #163a4a;\"   data-x-element=\"section\"  data-x-params=\"{&quot;type&quot;:&quot;image&quot;,&quot;parallax&quot;:false}\"  ><div  class=\"x-container max width\"  style=\"margin: 0px auto;padding: 0px;\"   ><div  class=\"x-column x-sm x-1-1\" style=\"padding: 0px;\" >[cs_element_gap _id=\u00bb91&#8243;]<\/div><\/div><\/div><\/div>\n","protected":false},"excerpt":{"rendered":"","protected":false},"author":1,"featured_media":0,"parent":0,"menu_order":0,"comment_status":"closed","ping_status":"closed","template":"template-blank-4.php","meta":[],"yoast_head":"<!-- This site is optimized with the Yoast SEO plugin v18.2 - https:\/\/yoast.com\/wordpress\/plugins\/seo\/ -->\n<meta name=\"description\" content=\"Fot\u00f3grafo de Bodas en Puerto Viejo Costa Rica y Bodas en el Caribe de Costa Rica. Fotos y V\u00eddeos de bodas reales y ceremonias simb\u00f3licas. Llame al 8869-9887\" \/>\n<meta name=\"robots\" content=\"index, follow, max-snippet:-1, max-image-preview:large, max-video-preview:-1\" \/>\n<link rel=\"canonical\" href=\"https:\/\/cocles.com\/\" \/>\n<meta property=\"og:locale\" content=\"es_ES\" \/>\n<meta property=\"og:type\" content=\"article\" \/>\n<meta property=\"og:title\" content=\"Fot\u00f3grafo de Bodas en Puerto Viejo Costa Rica | Bodas en la Playa\" \/>\n<meta property=\"og:description\" content=\"Fot\u00f3grafo de Bodas en Puerto Viejo Costa Rica y Bodas en el Caribe de Costa Rica. Fotos y V\u00eddeos de bodas reales y ceremonias simb\u00f3licas. Llame al 8869-9887\" \/>\n<meta property=\"og:url\" content=\"https:\/\/cocles.com\/\" \/>\n<meta property=\"og:site_name\" content=\"Costa Rica Wedding Packages &amp; Elopement Packages | Getting Married in Costa Rica\" \/>\n<meta property=\"article:publisher\" content=\"https:\/\/www.facebook.com\/GabrielAntaFotografo\/\" \/>\n<meta property=\"article:modified_time\" content=\"2023-06-08T15:13:34+00:00\" \/>\n<meta name=\"twitter:card\" content=\"summary_large_image\" \/>\n<meta name=\"twitter:label1\" content=\"Tiempo de lectura\" \/>\n\t<meta name=\"twitter:data1\" content=\"4 minutos\" \/>\n<script type=\"application\/ld+json\" class=\"yoast-schema-graph\">{\"@context\":\"https:\/\/schema.org\",\"@graph\":[{\"@type\":\"WebSite\",\"@id\":\"https:\/\/cocles.com\/#website\",\"url\":\"https:\/\/cocles.com\/\",\"name\":\"Costa Rica Wedding Packages &amp; Elopement Packages | Getting Married in Costa Rica\",\"description\":\"Getting Married in Costa Rica | Small Weddings &amp; Elopements in Puerto Viejo\",\"potentialAction\":[{\"@type\":\"SearchAction\",\"target\":{\"@type\":\"EntryPoint\",\"urlTemplate\":\"https:\/\/cocles.com\/?s={search_term_string}\"},\"query-input\":\"required name=search_term_string\"}],\"inLanguage\":\"es\"},{\"@type\":\"WebPage\",\"@id\":\"https:\/\/cocles.com\/#webpage\",\"url\":\"https:\/\/cocles.com\/\",\"name\":\"Fot\u00f3grafo de Bodas en Puerto Viejo Costa Rica | Bodas en la Playa\",\"isPartOf\":{\"@id\":\"https:\/\/cocles.com\/#website\"},\"datePublished\":\"2021-10-21T14:52:21+00:00\",\"dateModified\":\"2023-06-08T15:13:34+00:00\",\"description\":\"Fot\u00f3grafo de Bodas en Puerto Viejo Costa Rica y Bodas en el Caribe de Costa Rica. Fotos y V\u00eddeos de bodas reales y ceremonias simb\u00f3licas. Llame al 8869-9887\",\"breadcrumb\":{\"@id\":\"https:\/\/cocles.com\/#breadcrumb\"},\"inLanguage\":\"es\",\"potentialAction\":[{\"@type\":\"ReadAction\",\"target\":[\"https:\/\/cocles.com\/\"]}]},{\"@type\":\"BreadcrumbList\",\"@id\":\"https:\/\/cocles.com\/#breadcrumb\",\"itemListElement\":[{\"@type\":\"ListItem\",\"position\":1,\"name\":\"Portada\",\"item\":\"https:\/\/cocles.com\/\"},{\"@type\":\"ListItem\",\"position\":2,\"name\":\"Inicio\"}]}]}<\/script>\n<!-- \/ Yoast SEO plugin. -->","yoast_head_json":{"description":"Fot\u00f3grafo de Bodas en Puerto Viejo Costa Rica y Bodas en el Caribe de Costa Rica. Fotos y V\u00eddeos de bodas reales y ceremonias simb\u00f3licas. Llame al 8869-9887","robots":{"index":"index","follow":"follow","max-snippet":"max-snippet:-1","max-image-preview":"max-image-preview:large","max-video-preview":"max-video-preview:-1"},"canonical":"https:\/\/cocles.com\/","og_locale":"es_ES","og_type":"article","og_title":"Fot\u00f3grafo de Bodas en Puerto Viejo Costa Rica | Bodas en la Playa","og_description":"Fot\u00f3grafo de Bodas en Puerto Viejo Costa Rica y Bodas en el Caribe de Costa Rica. Fotos y V\u00eddeos de bodas reales y ceremonias simb\u00f3licas. Llame al 8869-9887","og_url":"https:\/\/cocles.com\/","og_site_name":"Costa Rica Wedding Packages &amp; Elopement Packages | Getting Married in Costa Rica","article_publisher":"https:\/\/www.facebook.com\/GabrielAntaFotografo\/","article_modified_time":"2023-06-08T15:13:34+00:00","twitter_card":"summary_large_image","twitter_misc":{"Tiempo de lectura":"4 minutos"},"schema":{"@context":"https:\/\/schema.org","@graph":[{"@type":"WebSite","@id":"https:\/\/cocles.com\/#website","url":"https:\/\/cocles.com\/","name":"Costa Rica Wedding Packages &amp; Elopement Packages | Getting Married in Costa Rica","description":"Getting Married in Costa Rica | Small Weddings &amp; Elopements in Puerto Viejo","potentialAction":[{"@type":"SearchAction","target":{"@type":"EntryPoint","urlTemplate":"https:\/\/cocles.com\/?s={search_term_string}"},"query-input":"required name=search_term_string"}],"inLanguage":"es"},{"@type":"WebPage","@id":"https:\/\/cocles.com\/#webpage","url":"https:\/\/cocles.com\/","name":"Fot\u00f3grafo de Bodas en Puerto Viejo Costa Rica | Bodas en la Playa","isPartOf":{"@id":"https:\/\/cocles.com\/#website"},"datePublished":"2021-10-21T14:52:21+00:00","dateModified":"2023-06-08T15:13:34+00:00","description":"Fot\u00f3grafo de Bodas en Puerto Viejo Costa Rica y Bodas en el Caribe de Costa Rica. Fotos y V\u00eddeos de bodas reales y ceremonias simb\u00f3licas. Llame al 8869-9887","breadcrumb":{"@id":"https:\/\/cocles.com\/#breadcrumb"},"inLanguage":"es","potentialAction":[{"@type":"ReadAction","target":["https:\/\/cocles.com\/"]}]},{"@type":"BreadcrumbList","@id":"https:\/\/cocles.com\/#breadcrumb","itemListElement":[{"@type":"ListItem","position":1,"name":"Portada","item":"https:\/\/cocles.com\/"},{"@type":"ListItem","position":2,"name":"Inicio"}]}]}},"_links":{"self":[{"href":"https:\/\/cocles.com\/es\/wp-json\/wp\/v2\/pages\/726\/"}],"collection":[{"href":"https:\/\/cocles.com\/es\/wp-json\/wp\/v2\/pages\/"}],"about":[{"href":"https:\/\/cocles.com\/es\/wp-json\/wp\/v2\/types\/page\/"}],"author":[{"embeddable":true,"href":"https:\/\/cocles.com\/es\/wp-json\/wp\/v2\/users\/1\/"}],"replies":[{"embeddable":true,"href":"https:\/\/cocles.com\/es\/wp-json\/wp\/v2\/comments\/?post=726"}],"version-history":[{"count":0,"href":"https:\/\/cocles.com\/es\/wp-json\/wp\/v2\/pages\/726\/revisions\/"}],"wp:attachment":[{"href":"https:\/\/cocles.com\/es\/wp-json\/wp\/v2\/media\/?parent=726"}],"curies":[{"name":"wp","href":"https:\/\/api.w.org\/{rel}","templated":true}]}}