{"id":820,"date":"2021-10-16T11:35:18","date_gmt":"2021-10-16T17:35:18","guid":{"rendered":"https:\/\/cocles.com\/mariages\/"},"modified":"2022-08-29T08:24:24","modified_gmt":"2022-08-29T14:24:24","slug":"mariages","status":"publish","type":"page","link":"https:\/\/cocles.com\/fr\/","title":{"rendered":"Mariages"},"content":{"rendered":"<div id=\"cs-content\" class=\"cs-content\"><div id=\"x-section-1\"  class=\"x-section cs-ta-center\"  style=\"margin: 0px;padding: 45px 0px 0px; background-color: rgb(213, 204, 222);\"   ><div  class=\"x-container max width\"  style=\"margin: 0px auto 35px;padding: 0px;\"   ><div  class=\"x-column x-sm x-1-1\" style=\"padding: 0px;\" ><h1  class=\"h-custom-headline resp-h man h1\" style=\"color: hsl(0, 0%, 100%);\"><span>Mariage au Costa Rica<\/span><\/h1><hr  class=\"x-gap\" style=\"margin: 30px 0 0 0;\"><a  class=\"x-btn x-btn-large\"  href=\"https:\/\/cocles.com\/fr\/contacter\" title=\"Title\"    data-options=\"thumbnail: ''\">Contacter<\/a>[cs_element_gap _id=\u00a0\u00bb7&Prime;][cs_element_image _id=\u00a0\u00bb8&Prime;]<\/div><\/div><\/div><div id=\"x-section-2\"  class=\"x-section\"  style=\"margin: 0px;padding: 65px 0px; background-color: rgb(248, 248, 248);\"   ><div  class=\"x-container cs-ta-center max width\"  style=\"margin: 0px auto 35px;padding: 0px;\"   ><div  class=\"x-column x-sm x-1-1\" style=\"padding: 0px;\" ><h2  class=\"h-custom-headline man h3\" ><span>Cherchez-vous un photographe de mariage?<\/span><\/h2>[cs_element_gap _id=\u00a0\u00bb18&Prime;][cs_element_text _id=\u00a0\u00bb19&Prime;]<\/div><\/div><div  class=\"x-container max width\"  style=\"margin: 0px auto;padding: 0px;\"   ><div  class=\"x-column x-sm x-1-3\" style=\"padding: 0px;\" >[cs_element_image _id=\u00a0\u00bb27&Prime;][cs_element_text _id=\u00a0\u00bb28&Prime;]<hr  class=\"x-gap cs-hide-xl cs-hide-lg cs-hide-md\" style=\"margin: 35px 0 0 0;\"><\/div><div  class=\"x-column x-sm x-1-3\" style=\"padding: 0px;\" >[cs_element_video _id=\u00a0\u00bb31&Prime;][cs_element_text _id=\u00a0\u00bb32&Prime;]<hr  class=\"x-gap cs-hide-xl cs-hide-lg cs-hide-md\" style=\"margin: 35px 0 0 0;\"><\/div><div  class=\"x-column x-sm x-1-3\" style=\"padding: 0px;\" >[cs_element_video _id=\u00a0\u00bb35&Prime;][cs_element_text _id=\u00a0\u00bb36&Prime;]<hr  class=\"x-gap cs-hide-xl cs-hide-lg cs-hide-md\" style=\"margin: 35px 0 0 0;\"><\/div><\/div><div  class=\"x-container max width\"  style=\"margin: 0px auto;padding: 0px;\"   ><div  class=\"x-column x-sm cs-ta-center x-1-1\" style=\"padding: 0px;\" >[cs_element_gap _id=\u00a0\u00bb43&Prime;]<hr  class=\"x-gap cs-hide-md cs-hide-sm cs-hide-xs\" style=\"margin: 15px 0 0 0;\"><h2  class=\"h-custom-headline man h3\" ><span>Reconnaissance des Clients<\/span><\/h2><hr  class=\"x-gap\" style=\"margin: 15px 0 0 0;\"><hr  class=\"x-gap\" style=\"margin: 15px 0 0 0;\"><div  class=\"x-video embed\" ><div class=\"x-video-inner\"><iframe loading=\"lazy\" width=\"640\" height=\"480\" src=\"https:\/\/www.youtube.com\/embed\/u6LEgkBynT4?rel=0&amp;controls=0&amp;showinfo=0\" frameborder=\"0\" gesture=\"media\" allow=\"encrypted-media\" allowfullscreen><\/iframe><\/div><\/div><h2  class=\"h-custom-headline man h3\" ><span>Commentaires de Nos Clients<\/span><\/h2><hr  class=\"x-gap\" style=\"margin: 15px 0 0 0;\">[cs_element_image _id=\u00a0\u00bb51&Prime;]<hr  class=\"x-gap\" style=\"margin: 20px 0 0 0;\">[cs_element_image _id=\u00a0\u00bb53&Prime;]<hr  class=\"x-gap\" style=\"margin: 30px 0 0 0;\"><a  class=\"x-btn x-btn-large\"  href=\"https:\/\/cocles.com\/fr\/politiques\/\" title=\"Title\"    data-options=\"thumbnail: ''\"><i  class=\"x-icon mvn mln mrs x-icon-star\" data-x-icon=\"&#xf005;\" aria-hidden=\"true\"><\/i>MESURES SP\u00c9CIALES COVID-19<\/a><\/div><\/div><\/div><div id=\"x-section-3\"  class=\"x-section cs-ta-center\"  style=\"margin: 0px;padding: 65px 0px 0; background-color: hsl(270, 35%, 75%);\"   ><div  class=\"x-container max width\"  style=\"margin: 0px auto 35px;padding: 0px;\"   ><div  class=\"x-column x-sm x-1-1\" style=\"padding: 0px;\" ><h2  class=\"h-custom-headline man h3 accent\" style=\"color: hsl(0, 0%, 100%);\"><span>\u00c0 PROPOS DE NOUS<\/span><\/h2><hr  class=\"x-gap\" style=\"margin: 15px 0 0 0;\">[cs_element_image _id=\u00a0\u00bb66&Prime;]<hr  class=\"x-gap\" style=\"margin: 15px 0 0 0;\">[cs_element_text _id=\u00a0\u00bb68&Prime;][cs_element_gap _id=\u00a0\u00bb69&Prime;][cs_element_image _id=\u00a0\u00bb70&Prime;][cs_element_gap _id=\u00a0\u00bb71&Prime;][cs_element_text _id=\u00a0\u00bb72&Prime;][cs_element_gap _id=\u00a0\u00bb73&Prime;]<\/div><\/div><\/div><div id=\"x-section-4\"  class=\"x-section cs-ta-center\"  style=\"margin: 0px;padding: 65px 0px; background-color: rgb(248, 248, 248);\"   ><div  class=\"x-container max width\"  style=\"margin: 0px auto;padding: 0px;\"   ><div  class=\"x-column x-sm x-1-1\" style=\"padding: 0px;\" >[cs_element_text _id=\u00a0\u00bb82&Prime;][cs_element_gap _id=\u00a0\u00bb83&Prime;][cs_element_social _id=\u00a0\u00bb84&Prime;]<\/div><\/div><\/div><div id=\"x-section-5\"  class=\"x-section cs-ta-center bg-image\"  style=\"margin: 0px;padding: 15% 0px; background-image: url(https:\/\/cocles.com\/wp-content\/uploads\/2022\/08\/Weddings-Costa-Rica-Puerto-Viejo-Beach.jpg); background-color: #163a4a;\"   data-x-element=\"section\"  data-x-params=\"{&quot;type&quot;:&quot;image&quot;,&quot;parallax&quot;:false}\"  ><div  class=\"x-container max width\"  style=\"margin: 0px auto;padding: 0px;\"   ><div  class=\"x-column x-sm x-1-1\" style=\"padding: 0px;\" >[cs_element_gap _id=\u00a0\u00bb93&Prime;]<\/div><\/div><\/div><\/div>\n","protected":false},"excerpt":{"rendered":"","protected":false},"author":1,"featured_media":0,"parent":0,"menu_order":0,"comment_status":"closed","ping_status":"closed","template":"template-blank-4.php","meta":[],"yoast_head":"<!-- This site is optimized with the Yoast SEO plugin v18.2 - https:\/\/yoast.com\/wordpress\/plugins\/seo\/ -->\n<meta name=\"description\" content=\"Photographe de mariage \u00e0 Puerto Viejo Costa Rica et mariage \u00e0 destination du Costa Rica. Photos et vid\u00e9os de mariages r\u00e9els et symboliques. Appelez le +506.88699887\" \/>\n<meta name=\"robots\" content=\"index, follow, max-snippet:-1, max-image-preview:large, max-video-preview:-1\" \/>\n<link rel=\"canonical\" href=\"https:\/\/cocles.com\/\" \/>\n<meta property=\"og:locale\" content=\"fr_FR\" \/>\n<meta property=\"og:type\" content=\"article\" \/>\n<meta property=\"og:title\" content=\"Photographe de mariage \u00e0 Puerto Viejo et Cahuita Costa Rica | Mariages \u00e0 la plage\" \/>\n<meta property=\"og:description\" content=\"Photographe de mariage \u00e0 Puerto Viejo Costa Rica et mariage \u00e0 destination du Costa Rica. Photos et vid\u00e9os de mariages r\u00e9els et symboliques. Appelez le +506.88699887\" \/>\n<meta property=\"og:url\" content=\"https:\/\/cocles.com\/\" \/>\n<meta property=\"og:site_name\" content=\"Costa Rica Wedding Packages &amp; Elopement Packages | Getting Married in Costa Rica\" \/>\n<meta property=\"article:publisher\" content=\"https:\/\/www.facebook.com\/GabrielAntaFotografo\/\" \/>\n<meta property=\"article:modified_time\" content=\"2022-08-29T14:24:24+00:00\" \/>\n<meta name=\"twitter:card\" content=\"summary_large_image\" \/>\n<meta name=\"twitter:label1\" content=\"Dur\u00e9e de lecture estim\u00e9e\" \/>\n\t<meta name=\"twitter:data1\" content=\"4 minutes\" \/>\n<script type=\"application\/ld+json\" class=\"yoast-schema-graph\">{\"@context\":\"https:\/\/schema.org\",\"@graph\":[{\"@type\":\"WebSite\",\"@id\":\"https:\/\/cocles.com\/#website\",\"url\":\"https:\/\/cocles.com\/\",\"name\":\"Costa Rica Wedding Packages &amp; Elopement Packages | Getting Married in Costa Rica\",\"description\":\"Getting Married in Costa Rica | Small Weddings &amp; Elopements in Puerto Viejo\",\"potentialAction\":[{\"@type\":\"SearchAction\",\"target\":{\"@type\":\"EntryPoint\",\"urlTemplate\":\"https:\/\/cocles.com\/?s={search_term_string}\"},\"query-input\":\"required name=search_term_string\"}],\"inLanguage\":\"fr-FR\"},{\"@type\":\"WebPage\",\"@id\":\"https:\/\/cocles.com\/#webpage\",\"url\":\"https:\/\/cocles.com\/\",\"name\":\"Photographe de mariage \u00e0 Puerto Viejo et Cahuita Costa Rica | Mariages \u00e0 la plage\",\"isPartOf\":{\"@id\":\"https:\/\/cocles.com\/#website\"},\"datePublished\":\"2021-10-16T17:35:18+00:00\",\"dateModified\":\"2022-08-29T14:24:24+00:00\",\"description\":\"Photographe de mariage \u00e0 Puerto Viejo Costa Rica et mariage \u00e0 destination du Costa Rica. Photos et vid\u00e9os de mariages r\u00e9els et symboliques. Appelez le +506.88699887\",\"breadcrumb\":{\"@id\":\"https:\/\/cocles.com\/#breadcrumb\"},\"inLanguage\":\"fr-FR\",\"potentialAction\":[{\"@type\":\"ReadAction\",\"target\":[\"https:\/\/cocles.com\/\"]}]},{\"@type\":\"BreadcrumbList\",\"@id\":\"https:\/\/cocles.com\/#breadcrumb\",\"itemListElement\":[{\"@type\":\"ListItem\",\"position\":1,\"name\":\"Portada\",\"item\":\"https:\/\/cocles.com\/\"},{\"@type\":\"ListItem\",\"position\":2,\"name\":\"Mariages\"}]}]}<\/script>\n<!-- \/ Yoast SEO plugin. -->","yoast_head_json":{"description":"Photographe de mariage \u00e0 Puerto Viejo Costa Rica et mariage \u00e0 destination du Costa Rica. Photos et vid\u00e9os de mariages r\u00e9els et symboliques. Appelez le +506.88699887","robots":{"index":"index","follow":"follow","max-snippet":"max-snippet:-1","max-image-preview":"max-image-preview:large","max-video-preview":"max-video-preview:-1"},"canonical":"https:\/\/cocles.com\/","og_locale":"fr_FR","og_type":"article","og_title":"Photographe de mariage \u00e0 Puerto Viejo et Cahuita Costa Rica | Mariages \u00e0 la plage","og_description":"Photographe de mariage \u00e0 Puerto Viejo Costa Rica et mariage \u00e0 destination du Costa Rica. Photos et vid\u00e9os de mariages r\u00e9els et symboliques. Appelez le +506.88699887","og_url":"https:\/\/cocles.com\/","og_site_name":"Costa Rica Wedding Packages &amp; Elopement Packages | Getting Married in Costa Rica","article_publisher":"https:\/\/www.facebook.com\/GabrielAntaFotografo\/","article_modified_time":"2022-08-29T14:24:24+00:00","twitter_card":"summary_large_image","twitter_misc":{"Dur\u00e9e de lecture estim\u00e9e":"4 minutes"},"schema":{"@context":"https:\/\/schema.org","@graph":[{"@type":"WebSite","@id":"https:\/\/cocles.com\/#website","url":"https:\/\/cocles.com\/","name":"Costa Rica Wedding Packages &amp; Elopement Packages | Getting Married in Costa Rica","description":"Getting Married in Costa Rica | Small Weddings &amp; Elopements in Puerto Viejo","potentialAction":[{"@type":"SearchAction","target":{"@type":"EntryPoint","urlTemplate":"https:\/\/cocles.com\/?s={search_term_string}"},"query-input":"required name=search_term_string"}],"inLanguage":"fr-FR"},{"@type":"WebPage","@id":"https:\/\/cocles.com\/#webpage","url":"https:\/\/cocles.com\/","name":"Photographe de mariage \u00e0 Puerto Viejo et Cahuita Costa Rica | Mariages \u00e0 la plage","isPartOf":{"@id":"https:\/\/cocles.com\/#website"},"datePublished":"2021-10-16T17:35:18+00:00","dateModified":"2022-08-29T14:24:24+00:00","description":"Photographe de mariage \u00e0 Puerto Viejo Costa Rica et mariage \u00e0 destination du Costa Rica. Photos et vid\u00e9os de mariages r\u00e9els et symboliques. Appelez le +506.88699887","breadcrumb":{"@id":"https:\/\/cocles.com\/#breadcrumb"},"inLanguage":"fr-FR","potentialAction":[{"@type":"ReadAction","target":["https:\/\/cocles.com\/"]}]},{"@type":"BreadcrumbList","@id":"https:\/\/cocles.com\/#breadcrumb","itemListElement":[{"@type":"ListItem","position":1,"name":"Portada","item":"https:\/\/cocles.com\/"},{"@type":"ListItem","position":2,"name":"Mariages"}]}]}},"_links":{"self":[{"href":"https:\/\/cocles.com\/fr\/wp-json\/wp\/v2\/pages\/820\/"}],"collection":[{"href":"https:\/\/cocles.com\/fr\/wp-json\/wp\/v2\/pages\/"}],"about":[{"href":"https:\/\/cocles.com\/fr\/wp-json\/wp\/v2\/types\/page\/"}],"author":[{"embeddable":true,"href":"https:\/\/cocles.com\/fr\/wp-json\/wp\/v2\/users\/1\/"}],"replies":[{"embeddable":true,"href":"https:\/\/cocles.com\/fr\/wp-json\/wp\/v2\/comments\/?post=820"}],"version-history":[{"count":0,"href":"https:\/\/cocles.com\/fr\/wp-json\/wp\/v2\/pages\/820\/revisions\/"}],"wp:attachment":[{"href":"https:\/\/cocles.com\/fr\/wp-json\/wp\/v2\/media\/?parent=820"}],"curies":[{"name":"wp","href":"https:\/\/api.w.org\/{rel}","templated":true}]}}