{"id":856,"date":"2021-06-16T13:54:32","date_gmt":"2021-06-16T19:54:32","guid":{"rendered":"https:\/\/cocles.com\/ceremonie\/"},"modified":"2023-06-29T15:03:03","modified_gmt":"2023-06-29T21:03:03","slug":"ceremonie","status":"publish","type":"page","link":"https:\/\/cocles.com\/fr\/ceremonie\/","title":{"rendered":"C\u00e9r\u00e9monie"},"content":{"rendered":"<div id=\"cs-content\" class=\"cs-content\">[cs_element_section _id=\u00a0\u00bb1&Prime;][cs_element_row _id=\u00a0\u00bb2&Prime;][cs_element_column _id=\u00a0\u00bb3&Prime;][cs_element_text _id=\u00a0\u00bb4&Prime;][cs_element_gap _id=\u00a0\u00bb5&Prime;][cs_element_text _id=\u00a0\u00bb6&Prime;][cs_element_gap _id=\u00a0\u00bb7&Prime;][cs_element_image _id=\u00a0\u00bb8&Prime;][cs_element_gap _id=\u00a0\u00bb9&Prime;][cs_element_text _id=\u00a0\u00bb10&Prime;]<div  class=\"x-pricing-table cf three-columns\" >[\/cs_element_column][\/cs_element_row][\/cs_element_section][cs_element_section _id=\u00a0\u00bb17&Prime;][cs_element_row _id=\u00a0\u00bb18&Prime;][cs_element_column _id=\u00a0\u00bb19&Prime;][cs_element_text _id=\u00a0\u00bb20&Prime;]<div  class=\"x-pricing-table cf three-columns\" ><\/div>[cs_element_text _id=\u00a0\u00bb22&Prime;][\/cs_element_column][\/cs_element_row][\/cs_element_section][cs_element_section _id=\u00a0\u00bb28&Prime;][cs_element_row _id=\u00a0\u00bb29&Prime;][cs_element_column _id=\u00a0\u00bb30&Prime;][cs_element_text _id=\u00a0\u00bb31&Prime;][cs_element_gap _id=\u00a0\u00bb32&Prime;]<div  class=\"x-pricing-table cf three-columns\" ><\/div><div  class=\"x-pricing-column\" ><h2 class=\"man\">DELUXE<\/h2><div class=\"x-pricing-column-info\"><h3 class=\"x-price\"><\/h3><span class=\"x-interval\"><\/span>\n<ul  class=\"x-ul-icons\"    ><li  class=\"x-li-icon\"    ><i class=\"x-icon-check\"  data-x-icon=\"&#xf00c;\"  aria-hidden=\"true\"    ><\/i>Emplacement Exclusif sur la Plage<\/li><li  class=\"x-li-icon\"    ><i class=\"x-icon-check\"  data-x-icon=\"&#xf00c;\"  aria-hidden=\"true\"    ><\/i>ORGANISATION DE LA C\u00c9R\u00c9MONIE<\/li><li  class=\"x-li-icon\"    ><i class=\"x-icon-check\"  data-x-icon=\"&#xf00c;\"  aria-hidden=\"true\"    ><\/i>AVOCAT<br \/>(MARIAGE CIVIL)<\/li><li  class=\"x-li-icon\"    ><i class=\"x-icon-check\"  data-x-icon=\"&#xf00c;\"  aria-hidden=\"true\"    ><\/i>ARC DE 4 COLONNES<\/li><li  class=\"x-li-icon\"    ><i class=\"x-icon-check\"  data-x-icon=\"&#xf00c;\"  aria-hidden=\"true\"    ><\/i>D\u00c9CORATION ARC<\/li><li  class=\"x-li-icon\"    ><i class=\"x-icon-check\"  data-x-icon=\"&#xf00c;\"  aria-hidden=\"true\"    ><\/i>PHOTOGRAPHIE de la c\u00e9r\u00e9monie (45)<\/li><li  class=\"x-li-icon\"    ><i class=\"x-icon-check\"  data-x-icon=\"&#xf00c;\"  aria-hidden=\"true\"    ><\/i>PHOTOGRAPHIE du couple (45)<\/li><li  class=\"x-li-icon\"    ><i class=\"x-icon-check\"  data-x-icon=\"&#xf00c;\"  aria-hidden=\"true\"    ><\/i>Photographie a\u00e9rienne (drone)<\/li><li  class=\"x-li-icon\"    ><i class=\"x-icon-check\"  data-x-icon=\"&#xf00c;\"  aria-hidden=\"true\"    ><\/i>Galerie en ligne pendant 60 jours<\/li><li  class=\"x-li-icon\"    ><i class=\"x-icon-check\"  data-x-icon=\"&#xf00c;\"  aria-hidden=\"true\"    ><\/i>MUSIQUE<\/li><\/ul>\n<div id=\"attachment_707\" style=\"width: 310px\" class=\"wp-caption alignnone\"><img aria-describedby=\"caption-attachment-707\" loading=\"lazy\" src=\"https:\/\/cocles.com\/wp-content\/uploads\/2019\/10\/20191009-113249-Wedding-Costa-Rica-Puerto-Viejo-Punta-Uva-Beach-Cindy-Mathieu-GAK_6517-Fotografos-Gabriel-Anta-y-Ana-Santos.jpg\" alt=\"Arch with 4 Columns - Add $95 USD\" class=\"size-medium wp-image-707\" width=\"300\" height=\"200\" \/><p id=\"caption-attachment-707\" class=\"wp-caption-text\">ARC DE 4 COLONNES<\/p><\/div><a  class=\"x-btn x-btn-large\"  href=\"https:\/\/cocles.com\/fr\/contact\/\"     data-options=\"thumbnail: ''\">Contact<\/a><\/div><\/div><div  class=\"x-pricing-column featured\" ><h2 class=\"man\">TROPICAL <span class=\"x-featured-sub\">PACKAGE LE PLUS DEMAND\u00c9<\/span><\/h2><div class=\"x-pricing-column-info\"><h3 class=\"x-price\"><\/h3><span class=\"x-interval\"><\/span>\n<ul  class=\"x-ul-icons\"    ><li  class=\"x-li-icon\"    ><i class=\"x-icon-check\"  data-x-icon=\"&#xf00c;\"  aria-hidden=\"true\"    ><\/i>Emplacement Exclusif sur la Plage<\/li><li  class=\"x-li-icon\"    ><i class=\"x-icon-check\"  data-x-icon=\"&#xf00c;\"  aria-hidden=\"true\"    ><\/i>ORGANISATION DE LA C\u00c9R\u00c9MONIE<\/li><li  class=\"x-li-icon\"    ><i class=\"x-icon-check\"  data-x-icon=\"&#xf00c;\"  aria-hidden=\"true\"    ><\/i>AVOCAT<br \/>(MARIAGE CIVIL)<\/li><li  class=\"x-li-icon\"    ><i class=\"x-icon-check\"  data-x-icon=\"&#xf00c;\"  aria-hidden=\"true\"    ><\/i>ARC \u00c0 2 COLONNES<\/li><li  class=\"x-li-icon\"    ><i class=\"x-icon-check\"  data-x-icon=\"&#xf00c;\"  aria-hidden=\"true\"    ><\/i>D\u00c9CORATION ARC<\/li><li  class=\"x-li-icon\"    ><i class=\"x-icon-check\"  data-x-icon=\"&#xf00c;\"  aria-hidden=\"true\"    ><\/i>PHOTOGRAPHIE de la c\u00e9r\u00e9monie (30)<\/li><li  class=\"x-li-icon\"    ><i class=\"x-icon-check\"  data-x-icon=\"&#xf00c;\"  aria-hidden=\"true\"    ><\/i>PHOTOGRAPHIE du couple (30)<\/li><li  class=\"x-li-icon\"    ><i class=\"x-icon-check\"  data-x-icon=\"&#xf00c;\"  aria-hidden=\"true\"    ><\/i>Galerie en ligne pendant 60 jours<\/li><li  class=\"x-li-icon\"    ><i class=\"x-icon-check\"  data-x-icon=\"&#xf00c;\"  aria-hidden=\"true\"    ><\/i>MUSIQUE<\/li><\/ul>\n<div id=\"attachment_707\" style=\"width: 310px\" class=\"wp-caption alignnone\"><img aria-describedby=\"caption-attachment-707\" loading=\"lazy\" src=\"https:\/\/cocles.com\/wp-content\/uploads\/2019\/04\/2-column-arch-wedding.jpg\" alt=\"Arch with 2 Columns\" class=\"size-medium wp-image-707\" width=\"300\" height=\"200\" \/><p id=\"caption-attachment-707\" class=\"wp-caption-text\">ARC \u00c0 2 COLONNES<\/p><\/div><a  class=\"x-btn x-btn-large\"  href=\"https:\/\/cocles.com\/fr\/contact\/\"     data-options=\"thumbnail: ''\">Contact<\/a><\/div><\/div><div  class=\"x-pricing-column\" ><h2 class=\"man\">ESSENTIAL<\/h2><div class=\"x-pricing-column-info\"><h3 class=\"x-price\"><\/h3><span class=\"x-interval\"><\/span><ul  class=\"x-ul-icons\"    ><li  class=\"x-li-icon\"    ><i class=\"x-icon-check\"  data-x-icon=\"&#xf00c;\"  aria-hidden=\"true\"    ><\/i>Emplacement Exclusif sur la Plage<\/li><li  class=\"x-li-icon\"    ><i class=\"x-icon-check\"  data-x-icon=\"&#xf00c;\"  aria-hidden=\"true\"    ><\/i>ORGANISATION DE LA C\u00c9R\u00c9MONIE<\/li><li  class=\"x-li-icon\"    ><i class=\"x-icon-check\"  data-x-icon=\"&#xf00c;\"  aria-hidden=\"true\"    ><\/i>AVOCAT<br \/>(MARIAGE CIVIL)<\/li><li  class=\"x-li-icon\"    ><i class=\"x-icon-check\"  data-x-icon=\"&#xf00c;\"  aria-hidden=\"true\"    ><\/i>STAND D\u00c9COR\u00c9<\/li><li  class=\"x-li-icon\"    ><i class=\"x-icon-check\"  data-x-icon=\"&#xf00c;\"  aria-hidden=\"true\"    ><\/i>PHOTOGRAPHIE de la c\u00e9r\u00e9monie (30)<\/li><li  class=\"x-li-icon\"    ><i class=\"x-icon-check\"  data-x-icon=\"&#xf00c;\"  aria-hidden=\"true\"    ><\/i>Galerie en ligne pendant 60 jours<\/li><li  class=\"x-li-icon\"    ><i class=\"x-icon-check\"  data-x-icon=\"&#xf00c;\"  aria-hidden=\"true\"    ><\/i>MUSIQUE<\/li><\/ul>\n<div id=\"attachment_468\" style=\"width: 310px\" class=\"wp-caption alignnone\"><img aria-describedby=\"caption-attachment-468\" loading=\"lazy\" src=\"https:\/\/cocles.com\/wp-content\/uploads\/2022\/01\/20220126-083506-Wedding-Costa-Rica-Sven-Julie-GAK_9030.jpg\" alt=\"Beach Wedding in Costa Rica\" class=\"size-medium wp-image-468\" width=\"300\" height=\"225\" \/><p id=\"caption-attachment-468\" class=\"wp-caption-text\">MARIAGE SUR LA PLAGE AU COSTA RICA<\/p><\/div><a  class=\"x-btn x-btn-large\"  href=\"https:\/\/cocles.com\/fr\/contact\/\"     data-options=\"thumbnail: ''\">Contact<\/a><\/div><\/div><\/div>[cs_element_text _id=\u00a0\u00bb37&Prime;][cs_element_gap _id=\u00a0\u00bb38&Prime;][cs_element_text _id=\u00a0\u00bb39&Prime;][cs_element_gap _id=\u00a0\u00bb40&Prime;][cs_element_image _id=\u00a0\u00bb41&Prime;][\/cs_element_column][\/cs_element_row][\/cs_element_section][cs_element_section _id=\u00a0\u00bb47&Prime;][cs_element_row _id=\u00a0\u00bb48&Prime;][cs_element_column _id=\u00a0\u00bb49&Prime;][cs_element_text _id=\u00a0\u00bb50&Prime;][cs_element_gap _id=\u00a0\u00bb51&Prime;][cs_element_text _id=\u00a0\u00bb52&Prime;][cs_element_gap _id=\u00a0\u00bb53&Prime;][cs_element_text _id=\u00a0\u00bb54&Prime;]<div  class=\"x-pricing-table cf three-columns\" ><\/div>[\/cs_element_column][\/cs_element_row][\/cs_element_section][cs_element_section _id=\u00a0\u00bb61&Prime;][cs_element_row _id=\u00a0\u00bb62&Prime;][cs_element_column _id=\u00a0\u00bb63&Prime;][cs_element_button _id=\u00a0\u00bb64&Prime;][\/cs_element_column][\/cs_element_row][\/cs_element_section]<\/div>\n","protected":false},"excerpt":{"rendered":"","protected":false},"author":1,"featured_media":0,"parent":0,"menu_order":0,"comment_status":"closed","ping_status":"closed","template":"template-blank-1.php","meta":[],"yoast_head":"<!-- This site is optimized with the Yoast SEO plugin v18.2 - https:\/\/yoast.com\/wordpress\/plugins\/seo\/ -->\n<meta name=\"description\" content=\"Planifiez-vous votre mariage de r\u00eave? Laissez-nous planifier la journ\u00e9e parfaite et romantique dans l&#039;une des plus belles plages du Costa Rica! Mariages r\u00e9els et symboliques au Costa Rica\" \/>\n<meta name=\"robots\" content=\"index, follow, max-snippet:-1, max-image-preview:large, max-video-preview:-1\" \/>\n<link rel=\"canonical\" href=\"https:\/\/cocles.com\/fr\/ceremonie\/\" \/>\n<meta property=\"og:locale\" content=\"fr_FR\" \/>\n<meta property=\"og:type\" content=\"article\" \/>\n<meta property=\"og:title\" content=\"Mariages sur la plage au Costa Rica - Packages\" \/>\n<meta property=\"og:description\" content=\"Planifiez-vous votre mariage de r\u00eave? Laissez-nous planifier la journ\u00e9e parfaite et romantique dans l&#039;une des plus belles plages du Costa Rica! Mariages r\u00e9els et symboliques au Costa Rica\" \/>\n<meta property=\"og:url\" content=\"https:\/\/cocles.com\/fr\/ceremonie\/\" \/>\n<meta property=\"og:site_name\" content=\"Costa Rica Wedding Packages &amp; Elopement Packages | Getting Married in Costa Rica\" \/>\n<meta property=\"article:publisher\" content=\"https:\/\/www.facebook.com\/GabrielAntaFotografo\/\" \/>\n<meta property=\"article:modified_time\" content=\"2023-06-29T21:03:03+00:00\" \/>\n<meta property=\"og:image\" content=\"https:\/\/cocles.com\/wp-content\/uploads\/2019\/10\/20191009-113249-Wedding-Costa-Rica-Puerto-Viejo-Punta-Uva-Beach-Cindy-Mathieu-GAK_6517-Fotografos-Gabriel-Anta-y-Ana-Santos.jpg\" \/>\n<meta name=\"twitter:card\" content=\"summary_large_image\" \/>\n<meta name=\"twitter:label1\" content=\"Dur\u00e9e de lecture estim\u00e9e\" \/>\n\t<meta name=\"twitter:data1\" content=\"4 minutes\" \/>\n<script type=\"application\/ld+json\" class=\"yoast-schema-graph\">{\"@context\":\"https:\/\/schema.org\",\"@graph\":[{\"@type\":\"WebSite\",\"@id\":\"https:\/\/cocles.com\/#website\",\"url\":\"https:\/\/cocles.com\/\",\"name\":\"Costa Rica Wedding Packages &amp; Elopement Packages | Getting Married in Costa Rica\",\"description\":\"Getting Married in Costa Rica | Small Weddings &amp; Elopements in Puerto Viejo\",\"potentialAction\":[{\"@type\":\"SearchAction\",\"target\":{\"@type\":\"EntryPoint\",\"urlTemplate\":\"https:\/\/cocles.com\/?s={search_term_string}\"},\"query-input\":\"required name=search_term_string\"}],\"inLanguage\":\"fr-FR\"},{\"@type\":\"ImageObject\",\"@id\":\"https:\/\/cocles.com\/fr\/ceremonie\/#primaryimage\",\"inLanguage\":\"fr-FR\",\"url\":\"https:\/\/cocles.com\/wp-content\/uploads\/2019\/10\/20191009-113249-Wedding-Costa-Rica-Puerto-Viejo-Punta-Uva-Beach-Cindy-Mathieu-GAK_6517-Fotografos-Gabriel-Anta-y-Ana-Santos.jpg\",\"contentUrl\":\"https:\/\/cocles.com\/wp-content\/uploads\/2019\/10\/20191009-113249-Wedding-Costa-Rica-Puerto-Viejo-Punta-Uva-Beach-Cindy-Mathieu-GAK_6517-Fotografos-Gabriel-Anta-y-Ana-Santos.jpg\",\"width\":1080,\"height\":720,\"caption\":\"Organizaci\u00f3n de Bodas en la Playa en Costa Rica\"},{\"@type\":\"WebPage\",\"@id\":\"https:\/\/cocles.com\/fr\/ceremonie\/#webpage\",\"url\":\"https:\/\/cocles.com\/fr\/ceremonie\/\",\"name\":\"Mariages sur la plage au Costa Rica - Packages\",\"isPartOf\":{\"@id\":\"https:\/\/cocles.com\/#website\"},\"primaryImageOfPage\":{\"@id\":\"https:\/\/cocles.com\/fr\/ceremonie\/#primaryimage\"},\"datePublished\":\"2021-06-16T19:54:32+00:00\",\"dateModified\":\"2023-06-29T21:03:03+00:00\",\"description\":\"Planifiez-vous votre mariage de r\u00eave? Laissez-nous planifier la journ\u00e9e parfaite et romantique dans l'une des plus belles plages du Costa Rica! Mariages r\u00e9els et symboliques au Costa Rica\",\"breadcrumb\":{\"@id\":\"https:\/\/cocles.com\/fr\/ceremonie\/#breadcrumb\"},\"inLanguage\":\"fr-FR\",\"potentialAction\":[{\"@type\":\"ReadAction\",\"target\":[\"https:\/\/cocles.com\/fr\/ceremonie\/\"]}]},{\"@type\":\"BreadcrumbList\",\"@id\":\"https:\/\/cocles.com\/fr\/ceremonie\/#breadcrumb\",\"itemListElement\":[{\"@type\":\"ListItem\",\"position\":1,\"name\":\"Portada\",\"item\":\"https:\/\/cocles.com\/\"},{\"@type\":\"ListItem\",\"position\":2,\"name\":\"C\u00e9r\u00e9monie\"}]}]}<\/script>\n<!-- \/ Yoast SEO plugin. -->","yoast_head_json":{"description":"Planifiez-vous votre mariage de r\u00eave? Laissez-nous planifier la journ\u00e9e parfaite et romantique dans l'une des plus belles plages du Costa Rica! Mariages r\u00e9els et symboliques au Costa Rica","robots":{"index":"index","follow":"follow","max-snippet":"max-snippet:-1","max-image-preview":"max-image-preview:large","max-video-preview":"max-video-preview:-1"},"canonical":"https:\/\/cocles.com\/fr\/ceremonie\/","og_locale":"fr_FR","og_type":"article","og_title":"Mariages sur la plage au Costa Rica - Packages","og_description":"Planifiez-vous votre mariage de r\u00eave? Laissez-nous planifier la journ\u00e9e parfaite et romantique dans l'une des plus belles plages du Costa Rica! Mariages r\u00e9els et symboliques au Costa Rica","og_url":"https:\/\/cocles.com\/fr\/ceremonie\/","og_site_name":"Costa Rica Wedding Packages &amp; Elopement Packages | Getting Married in Costa Rica","article_publisher":"https:\/\/www.facebook.com\/GabrielAntaFotografo\/","article_modified_time":"2023-06-29T21:03:03+00:00","og_image":[{"url":"https:\/\/cocles.com\/wp-content\/uploads\/2019\/10\/20191009-113249-Wedding-Costa-Rica-Puerto-Viejo-Punta-Uva-Beach-Cindy-Mathieu-GAK_6517-Fotografos-Gabriel-Anta-y-Ana-Santos.jpg"}],"twitter_card":"summary_large_image","twitter_misc":{"Dur\u00e9e de lecture estim\u00e9e":"4 minutes"},"schema":{"@context":"https:\/\/schema.org","@graph":[{"@type":"WebSite","@id":"https:\/\/cocles.com\/#website","url":"https:\/\/cocles.com\/","name":"Costa Rica Wedding Packages &amp; Elopement Packages | Getting Married in Costa Rica","description":"Getting Married in Costa Rica | Small Weddings &amp; Elopements in Puerto Viejo","potentialAction":[{"@type":"SearchAction","target":{"@type":"EntryPoint","urlTemplate":"https:\/\/cocles.com\/?s={search_term_string}"},"query-input":"required name=search_term_string"}],"inLanguage":"fr-FR"},{"@type":"ImageObject","@id":"https:\/\/cocles.com\/fr\/ceremonie\/#primaryimage","inLanguage":"fr-FR","url":"https:\/\/cocles.com\/wp-content\/uploads\/2019\/10\/20191009-113249-Wedding-Costa-Rica-Puerto-Viejo-Punta-Uva-Beach-Cindy-Mathieu-GAK_6517-Fotografos-Gabriel-Anta-y-Ana-Santos.jpg","contentUrl":"https:\/\/cocles.com\/wp-content\/uploads\/2019\/10\/20191009-113249-Wedding-Costa-Rica-Puerto-Viejo-Punta-Uva-Beach-Cindy-Mathieu-GAK_6517-Fotografos-Gabriel-Anta-y-Ana-Santos.jpg","width":1080,"height":720,"caption":"Organizaci\u00f3n de Bodas en la Playa en Costa Rica"},{"@type":"WebPage","@id":"https:\/\/cocles.com\/fr\/ceremonie\/#webpage","url":"https:\/\/cocles.com\/fr\/ceremonie\/","name":"Mariages sur la plage au Costa Rica - Packages","isPartOf":{"@id":"https:\/\/cocles.com\/#website"},"primaryImageOfPage":{"@id":"https:\/\/cocles.com\/fr\/ceremonie\/#primaryimage"},"datePublished":"2021-06-16T19:54:32+00:00","dateModified":"2023-06-29T21:03:03+00:00","description":"Planifiez-vous votre mariage de r\u00eave? Laissez-nous planifier la journ\u00e9e parfaite et romantique dans l'une des plus belles plages du Costa Rica! Mariages r\u00e9els et symboliques au Costa Rica","breadcrumb":{"@id":"https:\/\/cocles.com\/fr\/ceremonie\/#breadcrumb"},"inLanguage":"fr-FR","potentialAction":[{"@type":"ReadAction","target":["https:\/\/cocles.com\/fr\/ceremonie\/"]}]},{"@type":"BreadcrumbList","@id":"https:\/\/cocles.com\/fr\/ceremonie\/#breadcrumb","itemListElement":[{"@type":"ListItem","position":1,"name":"Portada","item":"https:\/\/cocles.com\/"},{"@type":"ListItem","position":2,"name":"C\u00e9r\u00e9monie"}]}]}},"_links":{"self":[{"href":"https:\/\/cocles.com\/fr\/wp-json\/wp\/v2\/pages\/856\/"}],"collection":[{"href":"https:\/\/cocles.com\/fr\/wp-json\/wp\/v2\/pages\/"}],"about":[{"href":"https:\/\/cocles.com\/fr\/wp-json\/wp\/v2\/types\/page\/"}],"author":[{"embeddable":true,"href":"https:\/\/cocles.com\/fr\/wp-json\/wp\/v2\/users\/1\/"}],"replies":[{"embeddable":true,"href":"https:\/\/cocles.com\/fr\/wp-json\/wp\/v2\/comments\/?post=856"}],"version-history":[{"count":0,"href":"https:\/\/cocles.com\/fr\/wp-json\/wp\/v2\/pages\/856\/revisions\/"}],"wp:attachment":[{"href":"https:\/\/cocles.com\/fr\/wp-json\/wp\/v2\/media\/?parent=856"}],"curies":[{"name":"wp","href":"https:\/\/api.w.org\/{rel}","templated":true}]}}